{"id":825,"date":"2024-10-10T17:42:59","date_gmt":"2024-10-10T14:42:59","guid":{"rendered":"https:\/\/arslansilah.com\/semi-auto\/castello-sact\/"},"modified":"2026-02-09T22:16:25","modified_gmt":"2026-02-09T19:16:25","slug":"castello-sact","status":"publish","type":"page","link":"https:\/\/arslansilah.com\/en\/semi-auto\/castello-sact\/","title":{"rendered":"Castello SACT"},"content":{"rendered":"\n\n\t<section class=\"section dark-background\" id=\"section_365103612\">\n\t\t<div class=\"section-bg fill\" >\n\t\t\t\t\t\t\t\t\t\n\t\t\t\n\n\t\t<\/div>\n\n\t\t\n\n\t\t<div class=\"section-content relative\">\n\t\t\t\n\n\n  <div class=\"banner has-hover dark-background banner-image\" id=\"banner-907475657\">\n          <div class=\"banner-inner fill\">\n        <div class=\"banner-bg fill\" >\n            <img decoding=\"async\" width=\"2560\" height=\"1439\" src=\"https:\/\/arslansilah.com\/wp-content\/uploads\/2024\/10\/Castello-SACT-Arslan-Silah-3-scaled.webp\" class=\"bg attachment-original size-original\" alt=\"\" \/>                        <div class=\"overlay\"><\/div>            \n                    <\/div>\n\t\t\n        <div class=\"banner-layers container\">\n            <div class=\"fill banner-link\"><\/div>            \n\n   <div id=\"text-box-746936260\" class=\"text-box banner-layer x50 md-x50 lg-x50 y50 md-y50 lg-y50 res-text\">\n                                <div class=\"text-box-content text dark\">\n              \n              <div class=\"text-inner text-center\">\n                  \n\n<h1>Castello SACT<\/h1>\n\n\n<nav aria-label=\"breadcrumbs\" class=\"rank-math-breadcrumb\"><p><\/p><\/nav>\n\n\n              <\/div>\n           <\/div>\n                            \n<style>\n#text-box-746936260 {\n  width: 95%;\n}\n#text-box-746936260 .text-box-content {\n  font-size: 100%;\n}\n<\/style>\n    <\/div>\n \n\n        <\/div>\n      <\/div>\n\n            \n<style>\n#banner-907475657 {\n  padding-top: 206px;\n}\n#banner-907475657 .overlay {\n  background-color: rgba(0, 0, 0, 0.372);\n}\n#banner-907475657 .banner-bg img {\n  object-position: 48% 28%;\n}\n@media (min-width:550px) {\n  #banner-907475657 {\n    padding-top: 419px;\n  }\n}\n@media (min-width:850px) {\n  #banner-907475657 {\n    padding-top: 500px;\n  }\n}\n<\/style>\n  <\/div>\n\n\n\n\t\t<\/div>\n\n\t\t\n<style>\n#section_365103612 {\n  padding-top: 0px;\n  padding-bottom: 0px;\n}\n<\/style>\n\t<\/section>\n\t\n\n\t<section class=\"section dark-background dark\" id=\"section_800718848\">\n\t\t<div class=\"section-bg fill\" >\n\t\t\t\t\t\t\t\t\t\n\t\t\t\n\n\t\t<\/div>\n\n\t\t\n\n\t\t<div class=\"section-content relative\">\n\t\t\t\n\n<div class=\"row row-collapse align-center\"  id=\"row-1831462614\">\n\n\n\t<div id=\"col-368750788\" class=\"col small-12 large-12\"  data-animate=\"bounceInUp\">\n\t\t\t\t<div class=\"col-inner\"  >\n\t\t\t\n\t\t\t\n\n<div class=\"slider-wrapper relative\" id=\"slider-963194259\" >\n    <div class=\"slider slider-nav-simple slider-nav-large slider-nav-light slider-style-normal slider-show-nav\"\n        data-flickity-options='{\n            \"cellAlign\": \"center\",\n            \"imagesLoaded\": true,\n            \"lazyLoad\": 1,\n            \"freeScroll\": true,\n            \"wrapAround\": true,\n            \"autoPlay\": false,\n            \"pauseAutoPlayOnHover\" : false,\n            \"prevNextButtons\": true,\n            \"contain\" : true,\n            \"adaptiveHeight\" : true,\n            \"dragThreshold\" : 10,\n            \"percentPosition\": true,\n            \"pageDots\": true,\n            \"rightToLeft\": false,\n            \"draggable\": true,\n            \"selectedAttraction\": 0.1,\n            \"parallax\" : 0,\n            \"friction\": 0.6        }'\n        >\n        \n\n\t<div class=\"img has-hover x md-x lg-x y md-y lg-y\" id=\"image_488658387\">\n\t\t<a class=\"image-lightbox lightbox-gallery\" title=\"\" href=\"https:\/\/arslansilah.com\/wp-content\/uploads\/2024\/10\/Castello-SACT-Arslan-Silah-1-scaled.webp\">\t\t\t\t\t\t<div class=\"img-inner dark\" >\n\t\t\t<img decoding=\"async\" width=\"2560\" height=\"1439\" src=\"https:\/\/arslansilah.com\/wp-content\/uploads\/2024\/10\/Castello-SACT-Arslan-Silah-1-scaled.webp\" class=\"attachment-original size-original\" alt=\"\" srcset=\"https:\/\/arslansilah.com\/wp-content\/uploads\/2024\/10\/Castello-SACT-Arslan-Silah-1-scaled.webp 2560w, https:\/\/arslansilah.com\/wp-content\/uploads\/2024\/10\/Castello-SACT-Arslan-Silah-1-300x169.webp 300w, https:\/\/arslansilah.com\/wp-content\/uploads\/2024\/10\/Castello-SACT-Arslan-Silah-1-1024x576.webp 1024w, https:\/\/arslansilah.com\/wp-content\/uploads\/2024\/10\/Castello-SACT-Arslan-Silah-1-768x432.webp 768w, https:\/\/arslansilah.com\/wp-content\/uploads\/2024\/10\/Castello-SACT-Arslan-Silah-1-1536x863.webp 1536w, https:\/\/arslansilah.com\/wp-content\/uploads\/2024\/10\/Castello-SACT-Arslan-Silah-1-2048x1151.webp 2048w\" sizes=\"(max-width: 2560px) 100vw, 2560px\" \/>\t\t\t\t\t\t\n\t\t\t\t\t<\/div>\n\t\t\t\t\t\t<\/a>\t\t\n<style>\n#image_488658387 {\n  width: 100%;\n}\n<\/style>\n\t<\/div>\n\t\n\n\t<div class=\"img has-hover x md-x lg-x y md-y lg-y\" id=\"image_344715272\">\n\t\t<a class=\"image-lightbox lightbox-gallery\" title=\"\" href=\"https:\/\/arslansilah.com\/wp-content\/uploads\/2024\/10\/Castello-SACT-Arslan-Silah-2-scaled.webp\">\t\t\t\t\t\t<div class=\"img-inner dark\" >\n\t\t\t<img decoding=\"async\" width=\"2560\" height=\"1439\" src=\"https:\/\/arslansilah.com\/wp-content\/uploads\/2024\/10\/Castello-SACT-Arslan-Silah-2-scaled.webp\" class=\"attachment-original size-original\" alt=\"\" srcset=\"https:\/\/arslansilah.com\/wp-content\/uploads\/2024\/10\/Castello-SACT-Arslan-Silah-2-scaled.webp 2560w, https:\/\/arslansilah.com\/wp-content\/uploads\/2024\/10\/Castello-SACT-Arslan-Silah-2-300x169.webp 300w, https:\/\/arslansilah.com\/wp-content\/uploads\/2024\/10\/Castello-SACT-Arslan-Silah-2-1024x576.webp 1024w, https:\/\/arslansilah.com\/wp-content\/uploads\/2024\/10\/Castello-SACT-Arslan-Silah-2-768x432.webp 768w, https:\/\/arslansilah.com\/wp-content\/uploads\/2024\/10\/Castello-SACT-Arslan-Silah-2-1536x863.webp 1536w, https:\/\/arslansilah.com\/wp-content\/uploads\/2024\/10\/Castello-SACT-Arslan-Silah-2-2048x1151.webp 2048w\" sizes=\"(max-width: 2560px) 100vw, 2560px\" \/>\t\t\t\t\t\t\n\t\t\t\t\t<\/div>\n\t\t\t\t\t\t<\/a>\t\t\n<style>\n#image_344715272 {\n  width: 100%;\n}\n<\/style>\n\t<\/div>\n\t\n\n\n     <\/div>\n\n     <div class=\"loading-spin dark large centered\"><\/div>\n\n\t<\/div>\n\n\n\t<div id=\"text-3518935759\" class=\"text\">\n\t\t\n\n<h2><span style=\"font-size: 120%;\">Technical Information<\/span><\/h2>\n\t\t\n<style>\n#text-3518935759 {\n  text-align: center;\n  color: #ffd200;\n}\n#text-3518935759 > * {\n  color: #ffd200;\n}\n<\/style>\n\t<\/div>\n\t\n\n\t\t<div class=\"tabbed-content tabs-custom\">\n\t\t\t\n\t\t\t<ul class=\"nav nav-bold nav-uppercase nav-size-large nav-center\" role=\"tablist\"><li id=\"tab-description\" class=\"tab active has-icon\" role=\"presentation\"><a href=\"#tab_description\" role=\"tab\" aria-selected=\"true\" aria-controls=\"tab_description\"><span>Description<\/span><\/a><\/li>\n<li id=\"tab-technical-specifications\" class=\"tab has-icon\" role=\"presentation\"><a href=\"#tab_technical-specifications\" tabindex=\"-1\" role=\"tab\" aria-selected=\"false\" aria-controls=\"tab_technical-specifications\"><span>Technical Specifications<\/span><\/a><\/li>\n<li id=\"tab-videos\" class=\"tab has-icon\" role=\"presentation\"><a href=\"#tab_videos\" tabindex=\"-1\" role=\"tab\" aria-selected=\"false\" aria-controls=\"tab_videos\"><span>VIDEOS<\/span><\/a><\/li><\/ul><div class=\"tab-panels\"><div id=\"tab_description\" class=\"panel active entry-content\" role=\"tabpanel\" aria-labelledby=\"tab-description\">\n\n<div class=\"row\"  id=\"row-1031618797\">\n\n\n\t<div id=\"col-442701770\" class=\"col small-12 large-12\"  >\n\t\t\t\t<div class=\"col-inner\"  >\n\t\t\t\n\t\t\t\n\n\t<div id=\"text-739008558\" class=\"text\">\n\t\t\n\n<p>This 12 GA Semi-Automatic Gas-Operated Shotgun combines modern functionality with durable materials, offering a reliable solution for both tactical use and hunting. With its telescopic stock and pistol grip, the shotgun provides superior control, comfort, and adaptability in various shooting environments, ensuring a tailored fit for any user. <\/p>\n<p>The cantilever feature offers an additional mounting area on the top of the receiver, enabling easy attachment of optical and tactical accessories. This feature also provides an impressive sighting system even when used without accessories. The elevated sight allows for quick and accurate target acquisition. Additionally, the extra rail beneath the foregrip provides additional space for mounting flashlights or other equipment. These customization options make the shotgun suitable for a wide range of scenarios.    <\/p>\n<p>The shotgun features a durable aluminum receiver and a synthetic stock and forend, ensuring lightweight handling without sacrificing strength. Its anodized, Cerakote, or hydro-dipped finish adds both protection and a sleek look, safeguarding the firearm against environmental wear and tear. <\/p>\n<p>With barrel length options of 20, 24, or 28 inches (51, 61, or 71 cm), this shotgun is ideal for both close-range tactical shots and long-range hunting. The 3-inch chamber offers compatibility with various ammunition types, providing flexibility for diverse shooting needs. Furthermore, the mobile choke system (F, M, CL) allows customization of the shotgun\u2019s performance to suit your shooting style.  <\/p>\n<p>This shotgun perfectly blends modern innovation with classic reliability, making it an excellent choice for users seeking a customizable, high-performance firearm. Whether for tactical use or hunting purposes, its adaptable design ensures an exceptional experience with every shot. <\/p>\n\t\t\n<style>\n#text-739008558 {\n  text-align: center;\n}\n@media (min-width:550px) {\n  #text-739008558 {\n    text-align: center;\n  }\n}\n@media (min-width:850px) {\n  #text-739008558 {\n    text-align: left;\n  }\n}\n<\/style>\n\t<\/div>\n\t\n\n\t\t<\/div>\n\t\t\t\t\t<\/div>\n\n\t\n\n<\/div>\n\n<\/div>\n<div id=\"tab_technical-specifications\" class=\"panel entry-content\" role=\"tabpanel\" aria-labelledby=\"tab-technical-specifications\">\n\n<div class=\"row\"  id=\"row-159567547\">\n\n\n\t<div id=\"col-1093263422\" class=\"col small-12 large-12\"  >\n\t\t\t\t<div class=\"col-inner\"  >\n\t\t\t\n\t\t\t\n\n<table class=\"custom-table\" style=\"height: 343px;\" width=\"482\">\n<tbody>\n<tr>\n<td width=\"114\">Model :<\/td>\n<td width=\"148\">Castello SACT<\/td>\n<\/tr>\n<tr>\n<td>Gauge :<\/td>\n<td>12 GA<\/td>\n<\/tr>\n<tr>\n<td>System :<\/td>\n<td>Gas Operated<\/td>\n<\/tr>\n<tr>\n<td>Magazine Capacity :<\/td>\n<td>4+1 \/ 7+1<\/td>\n<\/tr>\n<tr>\n<td>Coating :<\/td>\n<td>Anodize\/Cerakote\/Hidro Dipping<\/td>\n<\/tr>\n<tr>\n<td>Stock &amp; Handguard :<\/td>\n<td>Synthetic<\/td>\n<\/tr>\n<tr>\n<td>Barrel Lenght :<\/td>\n<td>20\/24\/28 in\u00e7 \u2013 51\/61\/71 cm<\/td>\n<\/tr>\n<tr>\n<td>Chamber :<\/td>\n<td>3 \u0130n\u00e7 \/ 76mm<\/td>\n<\/tr>\n<tr>\n<td>Receiver :<\/td>\n<td>Aluminum<\/td>\n<\/tr>\n<tr>\n<td>Choke :<\/td>\n<td>Mobile Choke F, M, CL<\/td>\n<\/tr>\n<\/tbody>\n<\/table>\n\n\t\t<\/div>\n\t\t\t\t\t<\/div>\n\n\t\n\n<\/div>\n\n<\/div>\n<div id=\"tab_videos\" class=\"panel entry-content\" role=\"tabpanel\" aria-labelledby=\"tab-videos\">\n\n<div class=\"row\"  id=\"row-1667746630\">\n\n\n\t<div id=\"col-695305220\" class=\"col small-12 large-12\"  >\n\t\t\t\t<div class=\"col-inner\"  >\n\t\t\t\n\t\t\t\n\n<div class=\"video video-fit mb\" style=\"padding-top:56.25%;\"><iframe loading=\"lazy\" title=\"Castello SACT Yar\u0131 Otomatikler S\u00f6k\u00fcm Tak\u0131m ve Detayl\u0131 Temizlik\" width=\"1020\" height=\"574\" src=\"https:\/\/www.youtube.com\/embed\/UDL6f-AHQ3k?feature=oembed\" frameborder=\"0\" allow=\"accelerometer; autoplay; clipboard-write; encrypted-media; gyroscope; picture-in-picture; web-share\" referrerpolicy=\"strict-origin-when-cross-origin\" allowfullscreen><\/iframe><\/div>\n\n<div class=\"video video-fit mb\" style=\"padding-top:56.25%;\"><p><iframe loading=\"lazy\" title=\"Arslan Silah Castello SACT !!\" width=\"1020\" height=\"574\" src=\"https:\/\/www.youtube.com\/embed\/kuYYNMXYohE?feature=oembed\" frameborder=\"0\" allow=\"accelerometer; autoplay; clipboard-write; encrypted-media; gyroscope; picture-in-picture; web-share\" referrerpolicy=\"strict-origin-when-cross-origin\" allowfullscreen><\/iframe><\/p>\n<\/div>\n\n\n\t\t<\/div>\n\t\t\t\t\t<\/div>\n\n\t\n\n<\/div>\n\n<\/div><\/div><\/div>\n\n\t\t<\/div>\n\t\t\t\t\n<style>\n#col-368750788 > .col-inner {\n  margin: -22px 0px -75px 0px;\n}\n@media (min-width:550px) {\n  #col-368750788 > .col-inner {\n    margin: -56px 0px -77px 0px;\n  }\n}\n@media (min-width:850px) {\n  #col-368750788 > .col-inner {\n    margin: -104px 0px -76px 0px;\n  }\n}\n<\/style>\n\t<\/div>\n\n\t\n\n\n<style>\n#row-1831462614 > .col > .col-inner {\n  padding: 40px 0px 100px 0px;\n}\n<\/style>\n<\/div>\n\n\t\t<\/div>\n\n\t\t\n<style>\n#section_800718848 {\n  padding-top: 0px;\n  padding-bottom: 0px;\n  background-color: rgb(0,0,0);\n}\n@media (min-width:550px) {\n  #section_800718848 {\n    padding-top: 0px;\n    padding-bottom: 0px;\n  }\n}\n@media (min-width:850px) {\n  #section_800718848 {\n    padding-top: 0px;\n    padding-bottom: 0px;\n  }\n}\n<\/style>\n\t<\/section>\n\t\n\n","protected":false},"excerpt":{"rendered":"","protected":false},"author":4,"featured_media":693,"parent":762,"menu_order":74,"comment_status":"closed","ping_status":"closed","template":"page-blank.php","meta":{"footnotes":""},"class_list":["post-825","page","type-page","status-publish","has-post-thumbnail","hentry"],"_links":{"self":[{"href":"https:\/\/arslansilah.com\/en\/wp-json\/wp\/v2\/pages\/825","targetHints":{"allow":["GET"]}}],"collection":[{"href":"https:\/\/arslansilah.com\/en\/wp-json\/wp\/v2\/pages"}],"about":[{"href":"https:\/\/arslansilah.com\/en\/wp-json\/wp\/v2\/types\/page"}],"author":[{"embeddable":true,"href":"https:\/\/arslansilah.com\/en\/wp-json\/wp\/v2\/users\/4"}],"replies":[{"embeddable":true,"href":"https:\/\/arslansilah.com\/en\/wp-json\/wp\/v2\/comments?post=825"}],"version-history":[{"count":8,"href":"https:\/\/arslansilah.com\/en\/wp-json\/wp\/v2\/pages\/825\/revisions"}],"predecessor-version":[{"id":2624,"href":"https:\/\/arslansilah.com\/en\/wp-json\/wp\/v2\/pages\/825\/revisions\/2624"}],"up":[{"embeddable":true,"href":"https:\/\/arslansilah.com\/en\/wp-json\/wp\/v2\/pages\/762"}],"wp:featuredmedia":[{"embeddable":true,"href":"https:\/\/arslansilah.com\/en\/wp-json\/wp\/v2\/media\/693"}],"wp:attachment":[{"href":"https:\/\/arslansilah.com\/en\/wp-json\/wp\/v2\/media?parent=825"}],"curies":[{"name":"wp","href":"https:\/\/api.w.org\/{rel}","templated":true}]}}