{"id":813,"date":"2024-10-10T17:41:32","date_gmt":"2024-10-10T14:41:32","guid":{"rendered":"https:\/\/arslansilah.com\/semi-auto\/castello-mod-101-sp\/"},"modified":"2026-02-09T22:16:25","modified_gmt":"2026-02-09T19:16:25","slug":"castello-mod-101-sp","status":"publish","type":"page","link":"https:\/\/arslansilah.com\/en\/semi-auto\/castello-mod-101-sp\/","title":{"rendered":"Castello MOD-101-SP"},"content":{"rendered":"\n\n\t<section class=\"section dark-background\" id=\"section_1526797521\">\n\t\t<div class=\"section-bg fill\" >\n\t\t\t\t\t\t\t\t\t\n\t\t\t\n\n\t\t<\/div>\n\n\t\t\n\n\t\t<div class=\"section-content relative\">\n\t\t\t\n\n\n  <div class=\"banner has-hover dark-background banner-image\" id=\"banner-1637300552\">\n          <div class=\"banner-inner fill\">\n        <div class=\"banner-bg fill\" >\n            <img decoding=\"async\" width=\"2560\" height=\"1440\" src=\"https:\/\/arslansilah.com\/wp-content\/uploads\/2024\/10\/Castello-MOD-101-SP-Arslan-Silah-3-scaled.webp\" class=\"bg attachment-original size-original\" alt=\"\" \/>                        <div class=\"overlay\"><\/div>            \n                    <\/div>\n\t\t\n        <div class=\"banner-layers container\">\n            <div class=\"fill banner-link\"><\/div>            \n\n   <div id=\"text-box-1637916400\" class=\"text-box banner-layer x50 md-x50 lg-x50 y50 md-y50 lg-y50 res-text\">\n                                <div class=\"text-box-content text dark\">\n              \n              <div class=\"text-inner text-center\">\n                  \n\n<h1>Castello MOD-101-SP<\/h1>\n\n\n<nav aria-label=\"breadcrumbs\" class=\"rank-math-breadcrumb\"><p><\/p><\/nav>\n\n\n              <\/div>\n           <\/div>\n                            \n<style>\n#text-box-1637916400 {\n  width: 95%;\n}\n#text-box-1637916400 .text-box-content {\n  font-size: 100%;\n}\n<\/style>\n    <\/div>\n \n\n        <\/div>\n      <\/div>\n\n            \n<style>\n#banner-1637300552 {\n  padding-top: 206px;\n}\n#banner-1637300552 .overlay {\n  background-color: rgba(0, 0, 0, 0.372);\n}\n#banner-1637300552 .banner-bg img {\n  object-position: 58% 28%;\n}\n@media (min-width:550px) {\n  #banner-1637300552 {\n    padding-top: 419px;\n  }\n}\n@media (min-width:850px) {\n  #banner-1637300552 {\n    padding-top: 500px;\n  }\n}\n<\/style>\n  <\/div>\n\n\n\n\t\t<\/div>\n\n\t\t\n<style>\n#section_1526797521 {\n  padding-top: 0px;\n  padding-bottom: 0px;\n}\n<\/style>\n\t<\/section>\n\t\n\n\t<section class=\"section dark-background dark\" id=\"section_1513233033\">\n\t\t<div class=\"section-bg fill\" >\n\t\t\t\t\t\t\t\t\t\n\t\t\t\n\n\t\t<\/div>\n\n\t\t\n\n\t\t<div class=\"section-content relative\">\n\t\t\t\n\n<div class=\"row row-collapse align-center\"  id=\"row-1614958292\">\n\n\n\t<div id=\"col-487672671\" class=\"col small-12 large-12\"  data-animate=\"bounceInUp\">\n\t\t\t\t<div class=\"col-inner\"  >\n\t\t\t\n\t\t\t\n\n<div class=\"slider-wrapper relative\" id=\"slider-565578288\" >\n    <div class=\"slider slider-nav-simple slider-nav-large slider-nav-light slider-style-normal slider-show-nav\"\n        data-flickity-options='{\n            \"cellAlign\": \"center\",\n            \"imagesLoaded\": true,\n            \"lazyLoad\": 1,\n            \"freeScroll\": true,\n            \"wrapAround\": true,\n            \"autoPlay\": false,\n            \"pauseAutoPlayOnHover\" : false,\n            \"prevNextButtons\": true,\n            \"contain\" : true,\n            \"adaptiveHeight\" : true,\n            \"dragThreshold\" : 10,\n            \"percentPosition\": true,\n            \"pageDots\": true,\n            \"rightToLeft\": false,\n            \"draggable\": true,\n            \"selectedAttraction\": 0.1,\n            \"parallax\" : 0,\n            \"friction\": 0.6        }'\n        >\n        \n\n\t<div class=\"img has-hover x md-x lg-x y md-y lg-y\" id=\"image_238134768\">\n\t\t<a class=\"image-lightbox lightbox-gallery\" title=\"\" href=\"https:\/\/arslansilah.com\/wp-content\/uploads\/2024\/10\/Castello-MOD-101-SP-Arslan-Silah-1-scaled.webp\">\t\t\t\t\t\t<div class=\"img-inner dark\" >\n\t\t\t<img decoding=\"async\" width=\"2560\" height=\"1439\" src=\"https:\/\/arslansilah.com\/wp-content\/uploads\/2024\/10\/Castello-MOD-101-SP-Arslan-Silah-1-scaled.webp\" class=\"attachment-original size-original\" alt=\"\" srcset=\"https:\/\/arslansilah.com\/wp-content\/uploads\/2024\/10\/Castello-MOD-101-SP-Arslan-Silah-1-scaled.webp 2560w, https:\/\/arslansilah.com\/wp-content\/uploads\/2024\/10\/Castello-MOD-101-SP-Arslan-Silah-1-300x169.webp 300w, https:\/\/arslansilah.com\/wp-content\/uploads\/2024\/10\/Castello-MOD-101-SP-Arslan-Silah-1-1024x576.webp 1024w, https:\/\/arslansilah.com\/wp-content\/uploads\/2024\/10\/Castello-MOD-101-SP-Arslan-Silah-1-768x432.webp 768w, https:\/\/arslansilah.com\/wp-content\/uploads\/2024\/10\/Castello-MOD-101-SP-Arslan-Silah-1-1536x863.webp 1536w, https:\/\/arslansilah.com\/wp-content\/uploads\/2024\/10\/Castello-MOD-101-SP-Arslan-Silah-1-2048x1151.webp 2048w\" sizes=\"(max-width: 2560px) 100vw, 2560px\" \/>\t\t\t\t\t\t\n\t\t\t\t\t<\/div>\n\t\t\t\t\t\t<\/a>\t\t\n<style>\n#image_238134768 {\n  width: 100%;\n}\n<\/style>\n\t<\/div>\n\t\n\n\t<div class=\"img has-hover x md-x lg-x y md-y lg-y\" id=\"image_1780103758\">\n\t\t<a class=\"image-lightbox lightbox-gallery\" title=\"\" href=\"https:\/\/arslansilah.com\/wp-content\/uploads\/2024\/10\/Castello-MOD-101-SP-Arslan-Silah-2-scaled.webp\">\t\t\t\t\t\t<div class=\"img-inner dark\" >\n\t\t\t<img decoding=\"async\" width=\"2560\" height=\"1439\" src=\"https:\/\/arslansilah.com\/wp-content\/uploads\/2024\/10\/Castello-MOD-101-SP-Arslan-Silah-2-scaled.webp\" class=\"attachment-original size-original\" alt=\"\" srcset=\"https:\/\/arslansilah.com\/wp-content\/uploads\/2024\/10\/Castello-MOD-101-SP-Arslan-Silah-2-scaled.webp 2560w, https:\/\/arslansilah.com\/wp-content\/uploads\/2024\/10\/Castello-MOD-101-SP-Arslan-Silah-2-300x169.webp 300w, https:\/\/arslansilah.com\/wp-content\/uploads\/2024\/10\/Castello-MOD-101-SP-Arslan-Silah-2-1024x576.webp 1024w, https:\/\/arslansilah.com\/wp-content\/uploads\/2024\/10\/Castello-MOD-101-SP-Arslan-Silah-2-768x432.webp 768w, https:\/\/arslansilah.com\/wp-content\/uploads\/2024\/10\/Castello-MOD-101-SP-Arslan-Silah-2-1536x863.webp 1536w, https:\/\/arslansilah.com\/wp-content\/uploads\/2024\/10\/Castello-MOD-101-SP-Arslan-Silah-2-2048x1151.webp 2048w\" sizes=\"(max-width: 2560px) 100vw, 2560px\" \/>\t\t\t\t\t\t\n\t\t\t\t\t<\/div>\n\t\t\t\t\t\t<\/a>\t\t\n<style>\n#image_1780103758 {\n  width: 100%;\n}\n<\/style>\n\t<\/div>\n\t\n\n\n     <\/div>\n\n     <div class=\"loading-spin dark large centered\"><\/div>\n\n\t<\/div>\n\n\n\t<div id=\"text-263815565\" class=\"text\">\n\t\t\n\n<h2><span style=\"font-size: 120%;\">Technical Information<\/span><\/h2>\n\t\t\n<style>\n#text-263815565 {\n  text-align: center;\n  color: #ffd200;\n}\n#text-263815565 > * {\n  color: #ffd200;\n}\n<\/style>\n\t<\/div>\n\t\n\n\t\t<div class=\"tabbed-content tabs-custom\">\n\t\t\t\n\t\t\t<ul class=\"nav nav-bold nav-uppercase nav-size-large nav-center\" role=\"tablist\"><li id=\"tab-description\" class=\"tab active has-icon\" role=\"presentation\"><a href=\"#tab_description\" role=\"tab\" aria-selected=\"true\" aria-controls=\"tab_description\"><span>Description<\/span><\/a><\/li>\n<li id=\"tab-technical-specifications\" class=\"tab has-icon\" role=\"presentation\"><a href=\"#tab_technical-specifications\" tabindex=\"-1\" role=\"tab\" aria-selected=\"false\" aria-controls=\"tab_technical-specifications\"><span>Technical Specifications<\/span><\/a><\/li>\n<li id=\"tab-videos\" class=\"tab has-icon\" role=\"presentation\"><a href=\"#tab_videos\" tabindex=\"-1\" role=\"tab\" aria-selected=\"false\" aria-controls=\"tab_videos\"><span>VIDEOS<\/span><\/a><\/li><\/ul><div class=\"tab-panels\"><div id=\"tab_description\" class=\"panel active entry-content\" role=\"tabpanel\" aria-labelledby=\"tab-description\">\n\n<div class=\"row\"  id=\"row-215335011\">\n\n\n\t<div id=\"col-1282272123\" class=\"col small-12 large-12\"  >\n\t\t\t\t<div class=\"col-inner\"  >\n\t\t\t\n\t\t\t\n\n\t<div id=\"text-1329806593\" class=\"text\">\n\t\t\n\n<p>This 12 GA Gas-Operated Semi-Automatic Shotgun combines modern functionality with durable materials, making it a reliable solution for both tactical use and hunting. The telescopic stock and pistol grip enhance control, providing users with comfort and adaptability. <\/p>\n<p>The synthetic wrap gives the shotgun an aggressive look, while the foregrip on top allows for better control and comfort during shooting. Additionally, the high-profile sighting system on the upper part of the shotgun offers significant advantages in accuracy and targeting during your shots. <\/p>\n<p>The aluminum body provides a lightweight yet durable construction, ensuring a comfortable carrying experience even during extended use. With anodized, Cerakote, or hydro dipping finishes, the shotgun is protected against environmental effects while gaining an aesthetically pleasing and long-lasting appearance. <\/p>\n<p>With barrel length options of 20, 24, or 28 inches (51, 61, or 71 cm), this shotgun is ideal for both close-range tactical shots and long-range hunting. The 3-inch chamber offers compatibility with various ammunition types, providing flexibility for diverse shooting needs. Furthermore, the mobile choke system (F, M, CL) allows customization of the shotgun\u2019s performance to suit your shooting style.  <\/p>\n<p>This shotgun perfectly blends modern innovation with classic reliability, making it an excellent choice for users seeking a customizable, high-performance firearm. Whether for tactical use or hunting purposes, its adaptable design ensures an exceptional experience with every shot. <\/p>\n\t\t\n<style>\n#text-1329806593 {\n  text-align: center;\n}\n@media (min-width:550px) {\n  #text-1329806593 {\n    text-align: center;\n  }\n}\n@media (min-width:850px) {\n  #text-1329806593 {\n    text-align: left;\n  }\n}\n<\/style>\n\t<\/div>\n\t\n\n\t\t<\/div>\n\t\t\t\t\t<\/div>\n\n\t\n\n<\/div>\n\n<\/div>\n<div id=\"tab_technical-specifications\" class=\"panel entry-content\" role=\"tabpanel\" aria-labelledby=\"tab-technical-specifications\">\n\n<div class=\"row\"  id=\"row-1633407612\">\n\n\n\t<div id=\"col-158400633\" class=\"col small-12 large-12\"  >\n\t\t\t\t<div class=\"col-inner\"  >\n\t\t\t\n\t\t\t\n\n<table class=\"custom-table\" style=\"height: 343px;\" width=\"482\">\n<tbody>\n<tr>\n<td width=\"114\">Model :<\/td>\n<td width=\"148\">Castello MOD-101-SP<\/td>\n<\/tr>\n<tr>\n<td>Gauge :<\/td>\n<td>12 GA<\/td>\n<\/tr>\n<tr>\n<td>System :<\/td>\n<td>Gas Operated<\/td>\n<\/tr>\n<tr>\n<td>Magazine Capacity :<\/td>\n<td>4+1 \/ 7+1<\/td>\n<\/tr>\n<tr>\n<td>Coating :<\/td>\n<td>Anodize\/Cerakote\/Hidro Dipping<\/td>\n<\/tr>\n<tr>\n<td>Stock &amp; Handguard :<\/td>\n<td>Synthetic<\/td>\n<\/tr>\n<tr>\n<td>Barrel Lenght :<\/td>\n<td>20\/24\/28 in\u00e7 \u2013 51\/61\/71 cm<\/td>\n<\/tr>\n<tr>\n<td>Chamber :<\/td>\n<td>3 \u0130n\u00e7 \/ 76mm<\/td>\n<\/tr>\n<tr>\n<td>Receiver :<\/td>\n<td>Aluminum<\/td>\n<\/tr>\n<tr>\n<td>Choke :<\/td>\n<td>Mobile Choke F, M, CL<\/td>\n<\/tr>\n<\/tbody>\n<\/table>\n\n\t\t<\/div>\n\t\t\t\t\t<\/div>\n\n\t\n\n<\/div>\n\n<\/div>\n<div id=\"tab_videos\" class=\"panel entry-content\" role=\"tabpanel\" aria-labelledby=\"tab-videos\">\n\n<div class=\"video video-fit mb\" style=\"padding-top:56.25%;\"><iframe loading=\"lazy\" title=\"Arslan Silah Castello MOD-101 Kutu A\u00e7\u0131l\u0131m\u0131\" width=\"1020\" height=\"574\" src=\"https:\/\/www.youtube.com\/embed\/vXwq_9vTzPU?feature=oembed\" frameborder=\"0\" allow=\"accelerometer; autoplay; clipboard-write; encrypted-media; gyroscope; picture-in-picture; web-share\" referrerpolicy=\"strict-origin-when-cross-origin\" allowfullscreen><\/iframe><\/div>\n\n<div class=\"video video-fit mb\" style=\"padding-top:56.25%;\"><p><iframe loading=\"lazy\" title=\"Arslan Silah Castello MOD 101-SP\" width=\"1020\" height=\"574\" src=\"https:\/\/www.youtube.com\/embed\/3hd1FoSqWqc?feature=oembed\" frameborder=\"0\" allow=\"accelerometer; autoplay; clipboard-write; encrypted-media; gyroscope; picture-in-picture; web-share\" referrerpolicy=\"strict-origin-when-cross-origin\" allowfullscreen><\/iframe><\/p>\n<\/div>\n\n<div class=\"video video-fit mb\" style=\"padding-top:56.25%;\"><p><iframe loading=\"lazy\" title=\"Arslan Silah Castello Mod-101 !!\" width=\"1020\" height=\"574\" src=\"https:\/\/www.youtube.com\/embed\/jCR5lH2ipYM?feature=oembed\" frameborder=\"0\" allow=\"accelerometer; autoplay; clipboard-write; encrypted-media; gyroscope; picture-in-picture; web-share\" referrerpolicy=\"strict-origin-when-cross-origin\" allowfullscreen><\/iframe><\/p>\n<\/div>\n\n\n<\/div><\/div><\/div>\n\n\t\t<\/div>\n\t\t\t\t\n<style>\n#col-487672671 > .col-inner {\n  margin: -22px 0px -75px 0px;\n}\n@media (min-width:550px) {\n  #col-487672671 > .col-inner {\n    margin: -56px 0px -77px 0px;\n  }\n}\n@media (min-width:850px) {\n  #col-487672671 > .col-inner {\n    margin: -104px 0px -76px 0px;\n  }\n}\n<\/style>\n\t<\/div>\n\n\t\n\n\n<style>\n#row-1614958292 > .col > .col-inner {\n  padding: 40px 0px 100px 0px;\n}\n<\/style>\n<\/div>\n\n\t\t<\/div>\n\n\t\t\n<style>\n#section_1513233033 {\n  padding-top: 0px;\n  padding-bottom: 0px;\n  background-color: rgb(0,0,0);\n}\n@media (min-width:550px) {\n  #section_1513233033 {\n    padding-top: 0px;\n    padding-bottom: 0px;\n  }\n}\n@media (min-width:850px) {\n  #section_1513233033 {\n    padding-top: 0px;\n    padding-bottom: 0px;\n  }\n}\n<\/style>\n\t<\/section>\n\t\n\n","protected":false},"excerpt":{"rendered":"","protected":false},"author":4,"featured_media":683,"parent":762,"menu_order":80,"comment_status":"closed","ping_status":"closed","template":"page-blank.php","meta":{"footnotes":""},"class_list":["post-813","page","type-page","status-publish","has-post-thumbnail","hentry"],"_links":{"self":[{"href":"https:\/\/arslansilah.com\/en\/wp-json\/wp\/v2\/pages\/813","targetHints":{"allow":["GET"]}}],"collection":[{"href":"https:\/\/arslansilah.com\/en\/wp-json\/wp\/v2\/pages"}],"about":[{"href":"https:\/\/arslansilah.com\/en\/wp-json\/wp\/v2\/types\/page"}],"author":[{"embeddable":true,"href":"https:\/\/arslansilah.com\/en\/wp-json\/wp\/v2\/users\/4"}],"replies":[{"embeddable":true,"href":"https:\/\/arslansilah.com\/en\/wp-json\/wp\/v2\/comments?post=813"}],"version-history":[{"count":8,"href":"https:\/\/arslansilah.com\/en\/wp-json\/wp\/v2\/pages\/813\/revisions"}],"predecessor-version":[{"id":2617,"href":"https:\/\/arslansilah.com\/en\/wp-json\/wp\/v2\/pages\/813\/revisions\/2617"}],"up":[{"embeddable":true,"href":"https:\/\/arslansilah.com\/en\/wp-json\/wp\/v2\/pages\/762"}],"wp:featuredmedia":[{"embeddable":true,"href":"https:\/\/arslansilah.com\/en\/wp-json\/wp\/v2\/media\/683"}],"wp:attachment":[{"href":"https:\/\/arslansilah.com\/en\/wp-json\/wp\/v2\/media?parent=813"}],"curies":[{"name":"wp","href":"https:\/\/api.w.org\/{rel}","templated":true}]}}