{"id":810,"date":"2024-10-10T17:41:14","date_gmt":"2024-10-10T14:41:14","guid":{"rendered":"https:\/\/arslansilah.com\/semi-auto\/castello-mod-101-s\/"},"modified":"2026-02-09T22:16:25","modified_gmt":"2026-02-09T19:16:25","slug":"castello-mod-101-s","status":"publish","type":"page","link":"https:\/\/arslansilah.com\/en\/semi-auto\/castello-mod-101-s\/","title":{"rendered":"Castello MOD-101-S"},"content":{"rendered":"\n\n\t<section class=\"section dark-background\" id=\"section_83719704\">\n\t\t<div class=\"section-bg fill\" >\n\t\t\t\t\t\t\t\t\t\n\t\t\t\n\n\t\t<\/div>\n\n\t\t\n\n\t\t<div class=\"section-content relative\">\n\t\t\t\n\n\n  <div class=\"banner has-hover dark-background banner-image\" id=\"banner-39721662\">\n          <div class=\"banner-inner fill\">\n        <div class=\"banner-bg fill\" >\n            <img decoding=\"async\" width=\"2560\" height=\"1440\" src=\"https:\/\/arslansilah.com\/wp-content\/uploads\/2024\/10\/Yari-Otomarik-Arslan-Silah-scaled.webp\" class=\"bg attachment-original size-original\" alt=\"\" \/>                        <div class=\"overlay\"><\/div>            \n                    <\/div>\n\t\t\n        <div class=\"banner-layers container\">\n            <div class=\"fill banner-link\"><\/div>            \n\n   <div id=\"text-box-1752393038\" class=\"text-box banner-layer x50 md-x50 lg-x50 y50 md-y50 lg-y50 res-text\">\n                                <div class=\"text-box-content text dark\">\n              \n              <div class=\"text-inner text-center\">\n                  \n\n<h1>Castello MOD-101-S<\/h1>\n\n\n<nav aria-label=\"breadcrumbs\" class=\"rank-math-breadcrumb\"><p><\/p><\/nav>\n\n\n              <\/div>\n           <\/div>\n                            \n<style>\n#text-box-1752393038 {\n  width: 95%;\n}\n#text-box-1752393038 .text-box-content {\n  font-size: 100%;\n}\n<\/style>\n    <\/div>\n \n\n        <\/div>\n      <\/div>\n\n            \n<style>\n#banner-39721662 {\n  padding-top: 206px;\n}\n#banner-39721662 .overlay {\n  background-color: rgba(0, 0, 0, 0.372);\n}\n#banner-39721662 .banner-bg img {\n  object-position: 50% 79%;\n}\n@media (min-width:550px) {\n  #banner-39721662 {\n    padding-top: 419px;\n  }\n}\n@media (min-width:850px) {\n  #banner-39721662 {\n    padding-top: 500px;\n  }\n}\n<\/style>\n  <\/div>\n\n\n\n\t\t<\/div>\n\n\t\t\n<style>\n#section_83719704 {\n  padding-top: 0px;\n  padding-bottom: 0px;\n}\n<\/style>\n\t<\/section>\n\t\n\n\t<section class=\"section dark-background dark\" id=\"section_1690361737\">\n\t\t<div class=\"section-bg fill\" >\n\t\t\t\t\t\t\t\t\t\n\t\t\t\n\n\t\t<\/div>\n\n\t\t\n\n\t\t<div class=\"section-content relative\">\n\t\t\t\n\n<div class=\"row row-collapse align-center\"  id=\"row-2055874294\">\n\n\n\t<div id=\"col-784603361\" class=\"col small-12 large-12\"  data-animate=\"bounceInUp\">\n\t\t\t\t<div class=\"col-inner\"  >\n\t\t\t\n\t\t\t\n\n<div class=\"slider-wrapper relative\" id=\"slider-1256074036\" >\n    <div class=\"slider slider-nav-simple slider-nav-large slider-nav-light slider-style-normal slider-show-nav\"\n        data-flickity-options='{\n            \"cellAlign\": \"center\",\n            \"imagesLoaded\": true,\n            \"lazyLoad\": 1,\n            \"freeScroll\": true,\n            \"wrapAround\": true,\n            \"autoPlay\": false,\n            \"pauseAutoPlayOnHover\" : false,\n            \"prevNextButtons\": true,\n            \"contain\" : true,\n            \"adaptiveHeight\" : true,\n            \"dragThreshold\" : 10,\n            \"percentPosition\": true,\n            \"pageDots\": true,\n            \"rightToLeft\": false,\n            \"draggable\": true,\n            \"selectedAttraction\": 0.1,\n            \"parallax\" : 0,\n            \"friction\": 0.6        }'\n        >\n        \n\n\t<div class=\"img has-hover x md-x lg-x y md-y lg-y\" id=\"image_460353977\">\n\t\t<a class=\"image-lightbox lightbox-gallery\" title=\"\" href=\"https:\/\/arslansilah.com\/wp-content\/uploads\/2024\/10\/Castello-MOD-101-S-Arslan-Silah-1-scaled.webp\">\t\t\t\t\t\t<div class=\"img-inner dark\" >\n\t\t\t<img decoding=\"async\" width=\"2560\" height=\"1439\" src=\"https:\/\/arslansilah.com\/wp-content\/uploads\/2024\/10\/Castello-MOD-101-S-Arslan-Silah-1-scaled.webp\" class=\"attachment-original size-original\" alt=\"\" srcset=\"https:\/\/arslansilah.com\/wp-content\/uploads\/2024\/10\/Castello-MOD-101-S-Arslan-Silah-1-scaled.webp 2560w, https:\/\/arslansilah.com\/wp-content\/uploads\/2024\/10\/Castello-MOD-101-S-Arslan-Silah-1-300x169.webp 300w, https:\/\/arslansilah.com\/wp-content\/uploads\/2024\/10\/Castello-MOD-101-S-Arslan-Silah-1-1024x576.webp 1024w, https:\/\/arslansilah.com\/wp-content\/uploads\/2024\/10\/Castello-MOD-101-S-Arslan-Silah-1-768x432.webp 768w, https:\/\/arslansilah.com\/wp-content\/uploads\/2024\/10\/Castello-MOD-101-S-Arslan-Silah-1-1536x863.webp 1536w, https:\/\/arslansilah.com\/wp-content\/uploads\/2024\/10\/Castello-MOD-101-S-Arslan-Silah-1-2048x1151.webp 2048w\" sizes=\"(max-width: 2560px) 100vw, 2560px\" \/>\t\t\t\t\t\t\n\t\t\t\t\t<\/div>\n\t\t\t\t\t\t<\/a>\t\t\n<style>\n#image_460353977 {\n  width: 100%;\n}\n<\/style>\n\t<\/div>\n\t\n\n\t<div class=\"img has-hover x md-x lg-x y md-y lg-y\" id=\"image_133524022\">\n\t\t<a class=\"image-lightbox lightbox-gallery\" title=\"\" href=\"https:\/\/arslansilah.com\/wp-content\/uploads\/2024\/10\/Castello-MOD-101-S-Arslan-Silah-2-scaled.webp\">\t\t\t\t\t\t<div class=\"img-inner dark\" >\n\t\t\t<img decoding=\"async\" width=\"2560\" height=\"1439\" src=\"https:\/\/arslansilah.com\/wp-content\/uploads\/2024\/10\/Castello-MOD-101-S-Arslan-Silah-2-scaled.webp\" class=\"attachment-original size-original\" alt=\"\" srcset=\"https:\/\/arslansilah.com\/wp-content\/uploads\/2024\/10\/Castello-MOD-101-S-Arslan-Silah-2-scaled.webp 2560w, https:\/\/arslansilah.com\/wp-content\/uploads\/2024\/10\/Castello-MOD-101-S-Arslan-Silah-2-300x169.webp 300w, https:\/\/arslansilah.com\/wp-content\/uploads\/2024\/10\/Castello-MOD-101-S-Arslan-Silah-2-1024x576.webp 1024w, https:\/\/arslansilah.com\/wp-content\/uploads\/2024\/10\/Castello-MOD-101-S-Arslan-Silah-2-768x432.webp 768w, https:\/\/arslansilah.com\/wp-content\/uploads\/2024\/10\/Castello-MOD-101-S-Arslan-Silah-2-1536x863.webp 1536w, https:\/\/arslansilah.com\/wp-content\/uploads\/2024\/10\/Castello-MOD-101-S-Arslan-Silah-2-2048x1151.webp 2048w\" sizes=\"(max-width: 2560px) 100vw, 2560px\" \/>\t\t\t\t\t\t\n\t\t\t\t\t<\/div>\n\t\t\t\t\t\t<\/a>\t\t\n<style>\n#image_133524022 {\n  width: 100%;\n}\n<\/style>\n\t<\/div>\n\t\n\n\n     <\/div>\n\n     <div class=\"loading-spin dark large centered\"><\/div>\n\n\t<\/div>\n\n\n\t<div id=\"text-2369039004\" class=\"text\">\n\t\t\n\n<h2><span style=\"font-size: 120%;\">Teknik Bilgiler<\/span><\/h2>\n\t\t\n<style>\n#text-2369039004 {\n  text-align: center;\n  color: #ffd200;\n}\n#text-2369039004 > * {\n  color: #ffd200;\n}\n<\/style>\n\t<\/div>\n\t\n\n\t\t<div class=\"tabbed-content tabs-custom\">\n\t\t\t\n\t\t\t<ul class=\"nav nav-bold nav-uppercase nav-size-large nav-center\" role=\"tablist\"><li id=\"tab-\u00dcr\u00fcn-a\u00e7\u0131klamas\u0131\" class=\"tab active has-icon\" role=\"presentation\"><a href=\"#tab_\u00dcr\u00fcn-a\u00e7\u0131klamas\u0131\" role=\"tab\" aria-selected=\"true\" aria-controls=\"tab_\u00dcr\u00fcn-a\u00e7\u0131klamas\u0131\"><span>\u00dcr\u00fcn A\u00e7\u0131klamas\u0131<\/span><\/a><\/li>\n<li id=\"tab-teknik-\u00d6zellikler\" class=\"tab has-icon\" role=\"presentation\"><a href=\"#tab_teknik-\u00d6zellikler\" tabindex=\"-1\" role=\"tab\" aria-selected=\"false\" aria-controls=\"tab_teknik-\u00d6zellikler\"><span>Teknik \u00d6zellikler<\/span><\/a><\/li>\n<li id=\"tab-v\u0130deolar\" class=\"tab has-icon\" role=\"presentation\"><a href=\"#tab_v\u0130deolar\" tabindex=\"-1\" role=\"tab\" aria-selected=\"false\" aria-controls=\"tab_v\u0130deolar\"><span>V\u0130DEOLAR<\/span><\/a><\/li><\/ul><div class=\"tab-panels\"><div id=\"tab_\u00dcr\u00fcn-a\u00e7\u0131klamas\u0131\" class=\"panel active entry-content\" role=\"tabpanel\" aria-labelledby=\"tab-\u00dcr\u00fcn-a\u00e7\u0131klamas\u0131\">\n\n<div class=\"row\"  id=\"row-1081504603\">\n\n\n\t<div id=\"col-1510915533\" class=\"col small-12 large-12\"  >\n\t\t\t\t<div class=\"col-inner\"  >\n\t\t\t\n\t\t\t\n\n\t<div id=\"text-1736043126\" class=\"text\">\n\t\t\n\n<p>Bu 12 GA Gazl\u0131 Yar\u0131 Otomatik T\u00fcfek, modern i\u015flevsellik ile dayan\u0131kl\u0131 malzemeleri bir araya getirerek hem taktik kullan\u0131mlar hem de avc\u0131l\u0131k i\u00e7in g\u00fcvenilir bir \u00e7\u00f6z\u00fcm sunar. Teleskopik dip\u00e7ik ve tabanca kabzas\u0131 sayesinde, t\u00fcfek \u00fcst\u00fcn kontrol, konfor ve \u00e7e\u015fitli at\u0131\u015f ortamlar\u0131na uyum sa\u011flayarak her kullan\u0131c\u0131n\u0131n ihtiya\u00e7lar\u0131na g\u00f6re ki\u015fiselle\u015ftirilebilir bir kullan\u0131m sunar.<\/p>\n<p>\u00dcst g\u00f6vdesinde yer alan Picatinny ray, optik ve taktik aksesuarlar\u0131n kolayca monte edilmesini sa\u011flarken, el kunda\u011f\u0131n\u0131n alt\u0131nda bulunan ek ray, fener veya di\u011fer ekipmanlar\u0131n yerle\u015ftirilmesi i\u00e7in ekstra alan sunar. Bu seviyedeki \u00f6zelle\u015ftirme se\u00e7enekleri, t\u00fcfe\u011fi her t\u00fcrl\u00fc senaryoya uygun hale getirir.<\/p>\n<p>T\u00fcfe\u011fin al\u00fcminyum g\u00f6vdesi ve sentetik dip\u00e7ik ile el kunda\u011f\u0131, hafif ve dayan\u0131kl\u0131 bir yap\u0131 sunarak uzun s\u00fcreli kullan\u0131mlarda dahi rahat bir ta\u015f\u0131ma sa\u011flar. Anodize, Cerakote veya hidro dipping kaplama se\u00e7enekleri, t\u00fcfe\u011fi \u00e7evresel etkilere kar\u015f\u0131 koruyarak estetik ve uzun \u00f6m\u00fcrl\u00fc bir g\u00f6r\u00fcn\u00fcm kazand\u0131r\u0131r.<\/p>\n<p>20, 24 veya 28 in\u00e7 (51, 61 veya 71 cm) namlu uzunlu\u011fu se\u00e7enekleriyle, t\u00fcfek hem yak\u0131n mesafe taktik at\u0131\u015flar hem de uzun menzilli avc\u0131l\u0131k i\u00e7in idealdir. 3 in\u00e7lik fi\u015fek yuvas\u0131, farkl\u0131 m\u00fchimmat t\u00fcrleriyle uyumluluk sunarak \u00e7e\u015fitli at\u0131\u015f ihtiya\u00e7lar\u0131na esneklik kazand\u0131r\u0131r. Ayr\u0131ca, mobil \u015fok sistemi (F, M, CL) sayesinde at\u0131\u015f tarz\u0131n\u0131za uygun \u015fok se\u00e7enekleriyle t\u00fcfe\u011fin performans\u0131 ki\u015fiselle\u015ftirilebilir.<\/p>\n<p>Bu t\u00fcfek, modern inovasyon ve klasik g\u00fcvenilirli\u011fi bir araya getirerek, \u00f6zelle\u015ftirilebilir, y\u00fcksek performansl\u0131 bir ate\u015fli silah arayan kullan\u0131c\u0131lar i\u00e7in m\u00fckemmel bir se\u00e7imdir. Taktik kullan\u0131m ya da avc\u0131l\u0131k amac\u0131 fark etmeksizin, uyarlanabilir yap\u0131s\u0131 sayesinde her at\u0131\u015fta \u00fcst\u00fcn bir deneyim sunar.<\/p>\n\t\t\n<style>\n#text-1736043126 {\n  text-align: center;\n}\n@media (min-width:550px) {\n  #text-1736043126 {\n    text-align: center;\n  }\n}\n@media (min-width:850px) {\n  #text-1736043126 {\n    text-align: left;\n  }\n}\n<\/style>\n\t<\/div>\n\t\n\n\t\t<\/div>\n\t\t\t\t\t<\/div>\n\n\t\n\n<\/div>\n\n<\/div>\n<div id=\"tab_teknik-\u00d6zellikler\" class=\"panel entry-content\" role=\"tabpanel\" aria-labelledby=\"tab-teknik-\u00d6zellikler\">\n\n<div class=\"row\"  id=\"row-1653274992\">\n\n\n\t<div id=\"col-1262240411\" class=\"col small-12 large-12\"  >\n\t\t\t\t<div class=\"col-inner\"  >\n\t\t\t\n\t\t\t\n\n<table class=\"custom-table\" style=\"height: 343px;\" width=\"482\">\n<tbody>\n<tr>\n<td width=\"114\">Model :<\/td>\n<td width=\"148\">Castello MOD-101-S<\/td>\n<\/tr>\n<tr>\n<td>Kalibre :<\/td>\n<td>12 GA<\/td>\n<\/tr>\n<tr>\n<td>Sistem :<\/td>\n<td>Gazl\u0131 Yar\u0131 Otomatik<\/td>\n<\/tr>\n<tr>\n<td>\u015earj\u00f6r Kapasitesi :<\/td>\n<td>4+1 \/ 7+1<\/td>\n<\/tr>\n<tr>\n<td>Kaplama :<\/td>\n<td>Anodize\/Cerakote\/Hidro Dipping<\/td>\n<\/tr>\n<tr>\n<td>Dip\u00e7ik &amp; El Kunda\u011f\u0131 :<\/td>\n<td>Sentetik<\/td>\n<\/tr>\n<tr>\n<td>Namlu Uzunlu\u011fu :<\/td>\n<td>20\/24\/28 in\u00e7 \u2013 51\/61\/71 cm<\/td>\n<\/tr>\n<tr>\n<td>Fi\u015fek Yuvas\u0131 :<\/td>\n<td>3 \u0130n\u00e7 \/ 76mm<\/td>\n<\/tr>\n<tr>\n<td>G\u00f6vde :<\/td>\n<td>Al\u00fcminyum<\/td>\n<\/tr>\n<tr>\n<td>\u015eok :<\/td>\n<td>Mobil \u015eok F,M,CL<\/td>\n<\/tr>\n<\/tbody>\n<\/table>\n\n\t\t<\/div>\n\t\t\t\t\t<\/div>\n\n\t\n\n<\/div>\n\n<\/div>\n<div id=\"tab_v\u0130deolar\" class=\"panel entry-content\" role=\"tabpanel\" aria-labelledby=\"tab-v\u0130deolar\">\n\n<div class=\"video video-fit mb\" style=\"padding-top:56.25%;\"><iframe loading=\"lazy\" title=\"Arslan Silah Castello MOD-101 Kutu A\u00e7\u0131l\u0131m\u0131\" width=\"1020\" height=\"574\" src=\"https:\/\/www.youtube.com\/embed\/vXwq_9vTzPU?feature=oembed\" frameborder=\"0\" allow=\"accelerometer; autoplay; clipboard-write; encrypted-media; gyroscope; picture-in-picture; web-share\" referrerpolicy=\"strict-origin-when-cross-origin\" allowfullscreen><\/iframe><\/div>\n\n<div class=\"video video-fit mb\" style=\"padding-top:56.25%;\"><p><iframe loading=\"lazy\" title=\"Arslan Silah Castello MOD 101-SP\" width=\"1020\" height=\"574\" src=\"https:\/\/www.youtube.com\/embed\/3hd1FoSqWqc?feature=oembed\" frameborder=\"0\" allow=\"accelerometer; autoplay; clipboard-write; encrypted-media; gyroscope; picture-in-picture; web-share\" referrerpolicy=\"strict-origin-when-cross-origin\" allowfullscreen><\/iframe><\/p>\n<\/div>\n\n\n<\/div><\/div><\/div>\n\n\t\t<\/div>\n\t\t\t\t\n<style>\n#col-784603361 > .col-inner {\n  margin: -22px 0px -75px 0px;\n}\n@media (min-width:550px) {\n  #col-784603361 > .col-inner {\n    margin: -56px 0px -77px 0px;\n  }\n}\n@media (min-width:850px) {\n  #col-784603361 > .col-inner {\n    margin: -104px 0px -76px 0px;\n  }\n}\n<\/style>\n\t<\/div>\n\n\t\n\n\n<style>\n#row-2055874294 > .col > .col-inner {\n  padding: 40px 0px 100px 0px;\n}\n<\/style>\n<\/div>\n\n\t\t<\/div>\n\n\t\t\n<style>\n#section_1690361737 {\n  padding-top: 0px;\n  padding-bottom: 0px;\n  background-color: rgb(0,0,0);\n}\n@media (min-width:550px) {\n  #section_1690361737 {\n    padding-top: 0px;\n    padding-bottom: 0px;\n  }\n}\n@media (min-width:850px) {\n  #section_1690361737 {\n    padding-top: 0px;\n    padding-bottom: 0px;\n  }\n}\n<\/style>\n\t<\/section>\n\t\n\n","protected":false},"excerpt":{"rendered":"","protected":false},"author":4,"featured_media":680,"parent":762,"menu_order":75,"comment_status":"closed","ping_status":"closed","template":"page-blank.php","meta":{"footnotes":""},"class_list":["post-810","page","type-page","status-publish","has-post-thumbnail","hentry"],"_links":{"self":[{"href":"https:\/\/arslansilah.com\/en\/wp-json\/wp\/v2\/pages\/810","targetHints":{"allow":["GET"]}}],"collection":[{"href":"https:\/\/arslansilah.com\/en\/wp-json\/wp\/v2\/pages"}],"about":[{"href":"https:\/\/arslansilah.com\/en\/wp-json\/wp\/v2\/types\/page"}],"author":[{"embeddable":true,"href":"https:\/\/arslansilah.com\/en\/wp-json\/wp\/v2\/users\/4"}],"replies":[{"embeddable":true,"href":"https:\/\/arslansilah.com\/en\/wp-json\/wp\/v2\/comments?post=810"}],"version-history":[{"count":6,"href":"https:\/\/arslansilah.com\/en\/wp-json\/wp\/v2\/pages\/810\/revisions"}],"predecessor-version":[{"id":2397,"href":"https:\/\/arslansilah.com\/en\/wp-json\/wp\/v2\/pages\/810\/revisions\/2397"}],"up":[{"embeddable":true,"href":"https:\/\/arslansilah.com\/en\/wp-json\/wp\/v2\/pages\/762"}],"wp:featuredmedia":[{"embeddable":true,"href":"https:\/\/arslansilah.com\/en\/wp-json\/wp\/v2\/media\/680"}],"wp:attachment":[{"href":"https:\/\/arslansilah.com\/en\/wp-json\/wp\/v2\/media?parent=810"}],"curies":[{"name":"wp","href":"https:\/\/api.w.org\/{rel}","templated":true}]}}