{"id":807,"date":"2024-10-10T17:40:52","date_gmt":"2024-10-10T14:40:52","guid":{"rendered":"https:\/\/arslansilah.com\/semi-auto\/castello-mod-101-f\/"},"modified":"2026-02-09T22:16:25","modified_gmt":"2026-02-09T19:16:25","slug":"castello-mod-101-f","status":"publish","type":"page","link":"https:\/\/arslansilah.com\/en\/semi-auto\/castello-mod-101-f\/","title":{"rendered":"Castello MOD-101-F"},"content":{"rendered":"\n\n\t<section class=\"section dark-background\" id=\"section_401492689\">\n\t\t<div class=\"section-bg fill\" >\n\t\t\t\t\t\t\t\t\t\n\t\t\t\n\n\t\t<\/div>\n\n\t\t\n\n\t\t<div class=\"section-content relative\">\n\t\t\t\n\n\n  <div class=\"banner has-hover dark-background banner-image\" id=\"banner-441007567\">\n          <div class=\"banner-inner fill\">\n        <div class=\"banner-bg fill\" >\n            <img decoding=\"async\" width=\"2560\" height=\"1440\" src=\"https:\/\/arslansilah.com\/wp-content\/uploads\/2024\/10\/Castello-MOD-101-F-Arslan-Silah-3-scaled.webp\" class=\"bg attachment-original size-original\" alt=\"\" \/>                        <div class=\"overlay\"><\/div>            \n                    <\/div>\n\t\t\n        <div class=\"banner-layers container\">\n            <div class=\"fill banner-link\"><\/div>            \n\n   <div id=\"text-box-1083505561\" class=\"text-box banner-layer x50 md-x50 lg-x50 y50 md-y50 lg-y50 res-text\">\n                                <div class=\"text-box-content text dark\">\n              \n              <div class=\"text-inner text-center\">\n                  \n\n<h1>Castello MOD-101-F<\/h1>\n\n\n<nav aria-label=\"breadcrumbs\" class=\"rank-math-breadcrumb\"><p><\/p><\/nav>\n\n\n              <\/div>\n           <\/div>\n                            \n<style>\n#text-box-1083505561 {\n  width: 95%;\n}\n#text-box-1083505561 .text-box-content {\n  font-size: 100%;\n}\n<\/style>\n    <\/div>\n \n\n        <\/div>\n      <\/div>\n\n            \n<style>\n#banner-441007567 {\n  padding-top: 206px;\n}\n#banner-441007567 .overlay {\n  background-color: rgba(0, 0, 0, 0.372);\n}\n#banner-441007567 .banner-bg img {\n  object-position: 50% 59%;\n}\n@media (min-width:550px) {\n  #banner-441007567 {\n    padding-top: 419px;\n  }\n}\n@media (min-width:850px) {\n  #banner-441007567 {\n    padding-top: 500px;\n  }\n}\n<\/style>\n  <\/div>\n\n\n\n\t\t<\/div>\n\n\t\t\n<style>\n#section_401492689 {\n  padding-top: 0px;\n  padding-bottom: 0px;\n}\n<\/style>\n\t<\/section>\n\t\n\n\t<section class=\"section dark-background dark\" id=\"section_427529288\">\n\t\t<div class=\"section-bg fill\" >\n\t\t\t\t\t\t\t\t\t\n\t\t\t\n\n\t\t<\/div>\n\n\t\t\n\n\t\t<div class=\"section-content relative\">\n\t\t\t\n\n<div class=\"row row-collapse align-center\"  id=\"row-802864884\">\n\n\n\t<div id=\"col-1281098676\" class=\"col small-12 large-12\"  data-animate=\"bounceInUp\">\n\t\t\t\t<div class=\"col-inner\"  >\n\t\t\t\n\t\t\t\n\n<div class=\"slider-wrapper relative\" id=\"slider-609065797\" >\n    <div class=\"slider slider-nav-simple slider-nav-large slider-nav-light slider-style-normal slider-show-nav\"\n        data-flickity-options='{\n            \"cellAlign\": \"center\",\n            \"imagesLoaded\": true,\n            \"lazyLoad\": 1,\n            \"freeScroll\": true,\n            \"wrapAround\": true,\n            \"autoPlay\": false,\n            \"pauseAutoPlayOnHover\" : false,\n            \"prevNextButtons\": true,\n            \"contain\" : true,\n            \"adaptiveHeight\" : true,\n            \"dragThreshold\" : 10,\n            \"percentPosition\": true,\n            \"pageDots\": true,\n            \"rightToLeft\": false,\n            \"draggable\": true,\n            \"selectedAttraction\": 0.1,\n            \"parallax\" : 0,\n            \"friction\": 0.6        }'\n        >\n        \n\n\t<div class=\"img has-hover x md-x lg-x y md-y lg-y\" id=\"image_356033810\">\n\t\t<a class=\"image-lightbox lightbox-gallery\" title=\"\" href=\"https:\/\/arslansilah.com\/wp-content\/uploads\/2024\/10\/Castello-MOD-101-F-Arslan-Silah-1-scaled.webp\">\t\t\t\t\t\t<div class=\"img-inner dark\" >\n\t\t\t<img decoding=\"async\" width=\"2560\" height=\"1439\" src=\"https:\/\/arslansilah.com\/wp-content\/uploads\/2024\/10\/Castello-MOD-101-F-Arslan-Silah-1-scaled.webp\" class=\"attachment-original size-original\" alt=\"\" srcset=\"https:\/\/arslansilah.com\/wp-content\/uploads\/2024\/10\/Castello-MOD-101-F-Arslan-Silah-1-scaled.webp 2560w, https:\/\/arslansilah.com\/wp-content\/uploads\/2024\/10\/Castello-MOD-101-F-Arslan-Silah-1-300x169.webp 300w, https:\/\/arslansilah.com\/wp-content\/uploads\/2024\/10\/Castello-MOD-101-F-Arslan-Silah-1-1024x576.webp 1024w, https:\/\/arslansilah.com\/wp-content\/uploads\/2024\/10\/Castello-MOD-101-F-Arslan-Silah-1-768x432.webp 768w, https:\/\/arslansilah.com\/wp-content\/uploads\/2024\/10\/Castello-MOD-101-F-Arslan-Silah-1-1536x863.webp 1536w, https:\/\/arslansilah.com\/wp-content\/uploads\/2024\/10\/Castello-MOD-101-F-Arslan-Silah-1-2048x1151.webp 2048w\" sizes=\"(max-width: 2560px) 100vw, 2560px\" \/>\t\t\t\t\t\t\n\t\t\t\t\t<\/div>\n\t\t\t\t\t\t<\/a>\t\t\n<style>\n#image_356033810 {\n  width: 100%;\n}\n<\/style>\n\t<\/div>\n\t\n\n\t<div class=\"img has-hover x md-x lg-x y md-y lg-y\" id=\"image_86824441\">\n\t\t<a class=\"image-lightbox lightbox-gallery\" title=\"\" href=\"https:\/\/arslansilah.com\/wp-content\/uploads\/2024\/10\/Castello-MOD-101-F-Arslan-Silah-2-scaled.webp\">\t\t\t\t\t\t<div class=\"img-inner dark\" >\n\t\t\t<img decoding=\"async\" width=\"2560\" height=\"1439\" src=\"https:\/\/arslansilah.com\/wp-content\/uploads\/2024\/10\/Castello-MOD-101-F-Arslan-Silah-2-scaled.webp\" class=\"attachment-original size-original\" alt=\"\" srcset=\"https:\/\/arslansilah.com\/wp-content\/uploads\/2024\/10\/Castello-MOD-101-F-Arslan-Silah-2-scaled.webp 2560w, https:\/\/arslansilah.com\/wp-content\/uploads\/2024\/10\/Castello-MOD-101-F-Arslan-Silah-2-300x169.webp 300w, https:\/\/arslansilah.com\/wp-content\/uploads\/2024\/10\/Castello-MOD-101-F-Arslan-Silah-2-1024x576.webp 1024w, https:\/\/arslansilah.com\/wp-content\/uploads\/2024\/10\/Castello-MOD-101-F-Arslan-Silah-2-768x432.webp 768w, https:\/\/arslansilah.com\/wp-content\/uploads\/2024\/10\/Castello-MOD-101-F-Arslan-Silah-2-1536x863.webp 1536w, https:\/\/arslansilah.com\/wp-content\/uploads\/2024\/10\/Castello-MOD-101-F-Arslan-Silah-2-2048x1151.webp 2048w\" sizes=\"(max-width: 2560px) 100vw, 2560px\" \/>\t\t\t\t\t\t\n\t\t\t\t\t<\/div>\n\t\t\t\t\t\t<\/a>\t\t\n<style>\n#image_86824441 {\n  width: 100%;\n}\n<\/style>\n\t<\/div>\n\t\n\n\n     <\/div>\n\n     <div class=\"loading-spin dark large centered\"><\/div>\n\n\t<\/div>\n\n\n\t<div id=\"text-3883841327\" class=\"text\">\n\t\t\n\n<h2><span style=\"font-size: 120%;\">Technical Information<\/span><\/h2>\n\t\t\n<style>\n#text-3883841327 {\n  text-align: center;\n  color: #ffd200;\n}\n#text-3883841327 > * {\n  color: #ffd200;\n}\n<\/style>\n\t<\/div>\n\t\n\n\t\t<div class=\"tabbed-content tabs-custom\">\n\t\t\t\n\t\t\t<ul class=\"nav nav-bold nav-uppercase nav-size-large nav-center\" role=\"tablist\"><li id=\"tab-colors-options\" class=\"tab active has-icon\" role=\"presentation\"><a href=\"#tab_colors-options\" role=\"tab\" aria-selected=\"true\" aria-controls=\"tab_colors-options\"><span>Colors Options<\/span><\/a><\/li>\n<li id=\"tab-description\" class=\"tab has-icon\" role=\"presentation\"><a href=\"#tab_description\" tabindex=\"-1\" role=\"tab\" aria-selected=\"false\" aria-controls=\"tab_description\"><span>Description<\/span><\/a><\/li>\n<li id=\"tab-technical-specifications\" class=\"tab has-icon\" role=\"presentation\"><a href=\"#tab_technical-specifications\" tabindex=\"-1\" role=\"tab\" aria-selected=\"false\" aria-controls=\"tab_technical-specifications\"><span>Technical Specifications<\/span><\/a><\/li>\n<li id=\"tab-videos\" class=\"tab has-icon\" role=\"presentation\"><a href=\"#tab_videos\" tabindex=\"-1\" role=\"tab\" aria-selected=\"false\" aria-controls=\"tab_videos\"><span>Videos<\/span><\/a><\/li><\/ul><div class=\"tab-panels\"><div id=\"tab_colors-options\" class=\"panel active entry-content\" role=\"tabpanel\" aria-labelledby=\"tab-colors-options\">\n\n<div class=\"row align-center\"  id=\"row-1227472336\">\n\n\n\t<div id=\"col-872337681\" class=\"col medium-8 small-12 large-8\"  data-animate=\"bounceInUp\">\n\t\t\t\t<div class=\"col-inner\"  >\n\t\t\t\n\t<div class=\"is-border\"\n\t\tstyle=\"border-color:rgb(62, 62, 62);border-width:1px 1px 1px 1px;\">\n\t<\/div>\n\t\t\t\n\n<div class=\"slider-wrapper relative\" id=\"slider-1133496898\" >\n    <div class=\"slider slider-nav-simple slider-nav-large slider-nav-light slider-style-normal slider-show-nav\"\n        data-flickity-options='{\n            \"cellAlign\": \"center\",\n            \"imagesLoaded\": true,\n            \"lazyLoad\": 1,\n            \"freeScroll\": true,\n            \"wrapAround\": true,\n            \"autoPlay\": false,\n            \"pauseAutoPlayOnHover\" : false,\n            \"prevNextButtons\": true,\n            \"contain\" : true,\n            \"adaptiveHeight\" : true,\n            \"dragThreshold\" : 10,\n            \"percentPosition\": true,\n            \"pageDots\": true,\n            \"rightToLeft\": false,\n            \"draggable\": true,\n            \"selectedAttraction\": 0.1,\n            \"parallax\" : 0,\n            \"friction\": 0.6        }'\n        >\n        \n\n\t<div class=\"img has-hover x md-x lg-x y md-y lg-y\" id=\"image_1064537352\">\n\t\t<a class=\"image-lightbox lightbox-gallery\" title=\"\" href=\"https:\/\/arslansilah.com\/wp-content\/uploads\/2024\/10\/Castello-MOD-101-F-CR2-Arslan-Silah-1-scaled.webp\">\t\t\t\t\t\t<div class=\"img-inner dark\" >\n\t\t\t<img decoding=\"async\" width=\"2560\" height=\"1439\" src=\"https:\/\/arslansilah.com\/wp-content\/uploads\/2024\/10\/Castello-MOD-101-F-CR2-Arslan-Silah-1-scaled.webp\" class=\"attachment-original size-original\" alt=\"\" srcset=\"https:\/\/arslansilah.com\/wp-content\/uploads\/2024\/10\/Castello-MOD-101-F-CR2-Arslan-Silah-1-scaled.webp 2560w, https:\/\/arslansilah.com\/wp-content\/uploads\/2024\/10\/Castello-MOD-101-F-CR2-Arslan-Silah-1-300x169.webp 300w, https:\/\/arslansilah.com\/wp-content\/uploads\/2024\/10\/Castello-MOD-101-F-CR2-Arslan-Silah-1-1024x576.webp 1024w, https:\/\/arslansilah.com\/wp-content\/uploads\/2024\/10\/Castello-MOD-101-F-CR2-Arslan-Silah-1-768x432.webp 768w, https:\/\/arslansilah.com\/wp-content\/uploads\/2024\/10\/Castello-MOD-101-F-CR2-Arslan-Silah-1-1536x863.webp 1536w, https:\/\/arslansilah.com\/wp-content\/uploads\/2024\/10\/Castello-MOD-101-F-CR2-Arslan-Silah-1-2048x1151.webp 2048w\" sizes=\"(max-width: 2560px) 100vw, 2560px\" \/>\t\t\t\t\t\t\n\t\t\t\t\t<\/div>\n\t\t\t\t\t\t<\/a>\t\t\n<style>\n#image_1064537352 {\n  width: 100%;\n}\n<\/style>\n\t<\/div>\n\t\n\n\t<div class=\"img has-hover x md-x lg-x y md-y lg-y\" id=\"image_641694522\">\n\t\t<a class=\"image-lightbox lightbox-gallery\" title=\"\" href=\"https:\/\/arslansilah.com\/wp-content\/uploads\/2024\/10\/Castello-MOD-101-F-CR2-Arslan-Silah-2-scaled.webp\">\t\t\t\t\t\t<div class=\"img-inner dark\" >\n\t\t\t<img decoding=\"async\" width=\"2560\" height=\"1439\" src=\"https:\/\/arslansilah.com\/wp-content\/uploads\/2024\/10\/Castello-MOD-101-F-CR2-Arslan-Silah-2-scaled.webp\" class=\"attachment-original size-original\" alt=\"\" srcset=\"https:\/\/arslansilah.com\/wp-content\/uploads\/2024\/10\/Castello-MOD-101-F-CR2-Arslan-Silah-2-scaled.webp 2560w, https:\/\/arslansilah.com\/wp-content\/uploads\/2024\/10\/Castello-MOD-101-F-CR2-Arslan-Silah-2-300x169.webp 300w, https:\/\/arslansilah.com\/wp-content\/uploads\/2024\/10\/Castello-MOD-101-F-CR2-Arslan-Silah-2-1024x576.webp 1024w, https:\/\/arslansilah.com\/wp-content\/uploads\/2024\/10\/Castello-MOD-101-F-CR2-Arslan-Silah-2-768x432.webp 768w, https:\/\/arslansilah.com\/wp-content\/uploads\/2024\/10\/Castello-MOD-101-F-CR2-Arslan-Silah-2-1536x863.webp 1536w, https:\/\/arslansilah.com\/wp-content\/uploads\/2024\/10\/Castello-MOD-101-F-CR2-Arslan-Silah-2-2048x1151.webp 2048w\" sizes=\"(max-width: 2560px) 100vw, 2560px\" \/>\t\t\t\t\t\t\n\t\t\t\t\t<\/div>\n\t\t\t\t\t\t<\/a>\t\t\n<style>\n#image_641694522 {\n  width: 100%;\n}\n<\/style>\n\t<\/div>\n\t\n\n\n     <\/div>\n\n     <div class=\"loading-spin dark large centered\"><\/div>\n\n\t<\/div>\n\n\n\t<div id=\"text-1210824927\" class=\"text custom-background\">\n\t\t\n\n<p><span style=\"font-size: 120%;\">Color Code: CR02<\/span><\/p>\n\t\t\n<style>\n#text-1210824927 {\n  text-align: center;\n  color: rgb(0,0,0);\n}\n#text-1210824927 > * {\n  color: rgb(0,0,0);\n}\n<\/style>\n\t<\/div>\n\t\n\n\t\t<\/div>\n\t\t\t\t\t<\/div>\n\n\t\n\n<\/div>\n\n<\/div>\n<div id=\"tab_description\" class=\"panel entry-content\" role=\"tabpanel\" aria-labelledby=\"tab-description\">\n\n<div class=\"row\"  id=\"row-310696254\">\n\n\n\t<div id=\"col-1709896310\" class=\"col small-12 large-12\"  >\n\t\t\t\t<div class=\"col-inner\"  >\n\t\t\t\n\t\t\t\n\n\t<div id=\"text-1012143582\" class=\"text\">\n\t\t\n\n<p>This gas-operated semi-automatic shotgun is a powerful and reliable choice in 12 GA caliber, designed to deliver high performance in both tactical and hunting environments. Featuring a fixed stock and pistol grip, this shotgun provides exceptional control and comfort for the shooter, making it ideal for dynamic shooting scenarios. <\/p>\n<p>With magazine capacity options of 4+1 or 7+1, this shotgun allows for extended shooting without frequent reloading. The barrel length is available in 20, 24, or 28 inches (51, 61, or 71 cm), offering versatility for various shooting conditions and user preferences. <\/p>\n<p>The aluminum receiver combines lightweight strength and durability, while the finishing options, including anodized, Cerakote, or hydro dipping, offer protection against harsh elements and give the firearm a modern, sleek appearance. <\/p>\n<p>The synthetic stock and forend are designed for long-lasting durability and lightweight handling. Additionally, the forend features a Picatinny rail on the underside, while another Picatinny rail is mounted on top of the receiver. These rails provide the flexibility to easily attach a variety of accessories such as optics, lasers, or flashlights, enhancing the shotgun\u2019s tactical capabilities. <\/p>\n<p>Equipped with a 3-inch \/ 76 mm chamber, this shotgun is compatible with a wide range of ammunition, making it suitable for different types of shooting and hunting scenarios. The mobile choke system with Full, Modified, and Cylinder choke options allows for personalized shooting patterns, giving you control over your spread. <\/p>\n<p>This semi-automatic shotgun is an excellent choice for professionals and enthusiasts alike, offering the perfect balance of reliability, adaptability, and performance. Whether used in tactical operations or for hunting, this shotgun ensures consistent, top-tier results in any situation. <\/p>\n\t\t\n<style>\n#text-1012143582 {\n  text-align: center;\n}\n@media (min-width:550px) {\n  #text-1012143582 {\n    text-align: center;\n  }\n}\n@media (min-width:850px) {\n  #text-1012143582 {\n    text-align: left;\n  }\n}\n<\/style>\n\t<\/div>\n\t\n\n\t\t<\/div>\n\t\t\t\t\t<\/div>\n\n\t\n\n<\/div>\n\n<\/div>\n<div id=\"tab_technical-specifications\" class=\"panel entry-content\" role=\"tabpanel\" aria-labelledby=\"tab-technical-specifications\">\n\n<div class=\"row\"  id=\"row-151124504\">\n\n\n\t<div id=\"col-1086732692\" class=\"col small-12 large-12\"  >\n\t\t\t\t<div class=\"col-inner\"  >\n\t\t\t\n\t\t\t\n\n<table class=\"custom-table\" style=\"height: 343px;\" width=\"482\">\n<tbody>\n<tr>\n<td width=\"114\">Model :<\/td>\n<td width=\"148\">Castello MOD-101-F<\/td>\n<\/tr>\n<tr>\n<td>Gauge :<\/td>\n<td>12 GA<\/td>\n<\/tr>\n<tr>\n<td>System :<\/td>\n<td>Gas Operated<\/td>\n<\/tr>\n<tr>\n<td>Magazine Capacity :<\/td>\n<td>4+1 \/ 7+1<\/td>\n<\/tr>\n<tr>\n<td>Coating :<\/td>\n<td>Anodize\/Cerakote\/Hidro Dipping<\/td>\n<\/tr>\n<tr>\n<td>Stock &amp; Handguard :<\/td>\n<td>Synthetic<\/td>\n<\/tr>\n<tr>\n<td>Barrel Lenght :<\/td>\n<td>20\/24\/28 in\u00e7 \u2013 51\/61\/71 cm<\/td>\n<\/tr>\n<tr>\n<td>Chamber :<\/td>\n<td>3 \u0130n\u00e7 \/ 76mm<\/td>\n<\/tr>\n<tr>\n<td>Receiver :<\/td>\n<td>Aluminum<\/td>\n<\/tr>\n<tr>\n<td>Choke :<\/td>\n<td>Mobile Choke F, M, CL<\/td>\n<\/tr>\n<\/tbody>\n<\/table>\n\n\t\t<\/div>\n\t\t\t\t\t<\/div>\n\n\t\n\n<\/div>\n\n<\/div>\n<div id=\"tab_videos\" class=\"panel entry-content\" role=\"tabpanel\" aria-labelledby=\"tab-videos\">\n\n<div class=\"video video-fit mb\" style=\"padding-top:56.25%;\"><iframe loading=\"lazy\" title=\"Arslan Silah Castello MOD-101 Kutu A\u00e7\u0131l\u0131m\u0131\" width=\"1020\" height=\"574\" src=\"https:\/\/www.youtube.com\/embed\/vXwq_9vTzPU?feature=oembed\" frameborder=\"0\" allow=\"accelerometer; autoplay; clipboard-write; encrypted-media; gyroscope; picture-in-picture; web-share\" referrerpolicy=\"strict-origin-when-cross-origin\" allowfullscreen><\/iframe><\/div>\n\n<div class=\"video video-fit mb\" style=\"padding-top:56.25%;\"><p><iframe loading=\"lazy\" title=\"Arslan Silah Castello MOD 101-SP\" width=\"1020\" height=\"574\" src=\"https:\/\/www.youtube.com\/embed\/3hd1FoSqWqc?feature=oembed\" frameborder=\"0\" allow=\"accelerometer; autoplay; clipboard-write; encrypted-media; gyroscope; picture-in-picture; web-share\" referrerpolicy=\"strict-origin-when-cross-origin\" allowfullscreen><\/iframe><\/p>\n<\/div>\n\n<div class=\"video video-fit mb\" style=\"padding-top:56.25%;\"><p><iframe loading=\"lazy\" title=\"Arslan Silah Castello Mod-101 !!\" width=\"1020\" height=\"574\" src=\"https:\/\/www.youtube.com\/embed\/6diR0a2QaBE?feature=oembed\" frameborder=\"0\" allow=\"accelerometer; autoplay; clipboard-write; encrypted-media; gyroscope; picture-in-picture; web-share\" referrerpolicy=\"strict-origin-when-cross-origin\" allowfullscreen><\/iframe><\/p>\n<\/div>\n\n\n<\/div><\/div><\/div>\n\n\t\t<\/div>\n\t\t\t\t\n<style>\n#col-1281098676 > .col-inner {\n  margin: -22px 0px -75px 0px;\n}\n@media (min-width:550px) {\n  #col-1281098676 > .col-inner {\n    margin: -56px 0px -77px 0px;\n  }\n}\n@media (min-width:850px) {\n  #col-1281098676 > .col-inner {\n    margin: -104px 0px -76px 0px;\n  }\n}\n<\/style>\n\t<\/div>\n\n\t\n\n\n<style>\n#row-802864884 > .col > .col-inner {\n  padding: 40px 0px 100px 0px;\n}\n<\/style>\n<\/div>\n\n\t\t<\/div>\n\n\t\t\n<style>\n#section_427529288 {\n  padding-top: 0px;\n  padding-bottom: 0px;\n  background-color: rgb(0,0,0);\n}\n@media (min-width:550px) {\n  #section_427529288 {\n    padding-top: 0px;\n    padding-bottom: 0px;\n  }\n}\n@media (min-width:850px) {\n  #section_427529288 {\n    padding-top: 0px;\n    padding-bottom: 0px;\n  }\n}\n<\/style>\n\t<\/section>\n\t\n\n","protected":false},"excerpt":{"rendered":"","protected":false},"author":4,"featured_media":678,"parent":762,"menu_order":77,"comment_status":"closed","ping_status":"closed","template":"page-blank.php","meta":{"footnotes":""},"class_list":["post-807","page","type-page","status-publish","has-post-thumbnail","hentry"],"_links":{"self":[{"href":"https:\/\/arslansilah.com\/en\/wp-json\/wp\/v2\/pages\/807","targetHints":{"allow":["GET"]}}],"collection":[{"href":"https:\/\/arslansilah.com\/en\/wp-json\/wp\/v2\/pages"}],"about":[{"href":"https:\/\/arslansilah.com\/en\/wp-json\/wp\/v2\/types\/page"}],"author":[{"embeddable":true,"href":"https:\/\/arslansilah.com\/en\/wp-json\/wp\/v2\/users\/4"}],"replies":[{"embeddable":true,"href":"https:\/\/arslansilah.com\/en\/wp-json\/wp\/v2\/comments?post=807"}],"version-history":[{"count":7,"href":"https:\/\/arslansilah.com\/en\/wp-json\/wp\/v2\/pages\/807\/revisions"}],"predecessor-version":[{"id":2632,"href":"https:\/\/arslansilah.com\/en\/wp-json\/wp\/v2\/pages\/807\/revisions\/2632"}],"up":[{"embeddable":true,"href":"https:\/\/arslansilah.com\/en\/wp-json\/wp\/v2\/pages\/762"}],"wp:featuredmedia":[{"embeddable":true,"href":"https:\/\/arslansilah.com\/en\/wp-json\/wp\/v2\/media\/678"}],"wp:attachment":[{"href":"https:\/\/arslansilah.com\/en\/wp-json\/wp\/v2\/media?parent=807"}],"curies":[{"name":"wp","href":"https:\/\/api.w.org\/{rel}","templated":true}]}}