{"id":783,"date":"2024-10-10T17:37:53","date_gmt":"2024-10-10T14:37:53","guid":{"rendered":"https:\/\/arslansilah.com\/magazine-fed\/castello-ak-42\/"},"modified":"2026-02-14T16:53:33","modified_gmt":"2026-02-14T13:53:33","slug":"castello-ak-42","status":"publish","type":"page","link":"https:\/\/arslansilah.com\/en\/magazine-fed\/castello-ak-42\/","title":{"rendered":"Castello AK-42"},"content":{"rendered":"\n\n\t<section class=\"section dark-background\" id=\"section_506894248\">\n\t\t<div class=\"section-bg fill\" >\n\t\t\t\t\t\t\t\t\t\n\t\t\t\n\n\t\t<\/div>\n\n\t\t\n\n\t\t<div class=\"section-content relative\">\n\t\t\t\n\n\n  <div class=\"banner has-hover dark-background banner-image\" id=\"banner-2025475416\">\n          <div class=\"banner-inner fill\">\n        <div class=\"banner-bg fill\" >\n            <img decoding=\"async\" width=\"2560\" height=\"1439\" src=\"https:\/\/arslansilah.com\/wp-content\/uploads\/2024\/10\/Castello-AK-42-Arslan-Silah-1-scaled.webp\" class=\"bg attachment-original size-original\" alt=\"\" \/>                        <div class=\"overlay\"><\/div>            \n                    <\/div>\n\t\t\n        <div class=\"banner-layers container\">\n            <div class=\"fill banner-link\"><\/div>            \n\n   <div id=\"text-box-1805773180\" class=\"text-box banner-layer x50 md-x50 lg-x50 y50 md-y50 lg-y50 res-text\">\n                                <div class=\"text-box-content text dark\">\n              \n              <div class=\"text-inner text-center\">\n                  \n\n<h1>Castello AK-42<\/h1>\n\n\n<nav aria-label=\"breadcrumbs\" class=\"rank-math-breadcrumb\"><p><\/p><\/nav>\n\n\n              <\/div>\n           <\/div>\n                            \n<style>\n#text-box-1805773180 {\n  width: 95%;\n}\n#text-box-1805773180 .text-box-content {\n  font-size: 100%;\n}\n<\/style>\n    <\/div>\n \n\n        <\/div>\n      <\/div>\n\n            \n<style>\n#banner-2025475416 {\n  padding-top: 206px;\n}\n#banner-2025475416 .overlay {\n  background-color: rgba(0, 0, 0, 0.372);\n}\n#banner-2025475416 .banner-bg img {\n  object-position: 53% 52%;\n}\n@media (min-width:550px) {\n  #banner-2025475416 {\n    padding-top: 419px;\n  }\n}\n@media (min-width:850px) {\n  #banner-2025475416 {\n    padding-top: 500px;\n  }\n}\n<\/style>\n  <\/div>\n\n\n\n\t\t<\/div>\n\n\t\t\n<style>\n#section_506894248 {\n  padding-top: 0px;\n  padding-bottom: 0px;\n}\n<\/style>\n\t<\/section>\n\t\n\n\t<section class=\"section dark-background dark\" id=\"section_569685150\">\n\t\t<div class=\"section-bg fill\" >\n\t\t\t\t\t\t\t\t\t\n\t\t\t\n\n\t\t<\/div>\n\n\t\t\n\n\t\t<div class=\"section-content relative\">\n\t\t\t\n\n<div class=\"row row-collapse align-center\"  id=\"row-1081482881\">\n\n\n\t<div id=\"col-1005014902\" class=\"col small-12 large-12\"  data-animate=\"bounceInUp\">\n\t\t\t\t<div class=\"col-inner\"  >\n\t\t\t\n\t\t\t\n\n<div class=\"slider-wrapper relative\" id=\"slider-441247181\" >\n    <div class=\"slider slider-nav-simple slider-nav-large slider-nav-light slider-style-normal slider-show-nav\"\n        data-flickity-options='{\n            \"cellAlign\": \"center\",\n            \"imagesLoaded\": true,\n            \"lazyLoad\": 1,\n            \"freeScroll\": true,\n            \"wrapAround\": true,\n            \"autoPlay\": false,\n            \"pauseAutoPlayOnHover\" : false,\n            \"prevNextButtons\": true,\n            \"contain\" : true,\n            \"adaptiveHeight\" : true,\n            \"dragThreshold\" : 10,\n            \"percentPosition\": true,\n            \"pageDots\": true,\n            \"rightToLeft\": false,\n            \"draggable\": true,\n            \"selectedAttraction\": 0.1,\n            \"parallax\" : 0,\n            \"friction\": 0.6        }'\n        >\n        \n\n\t<div class=\"img has-hover x md-x lg-x y md-y lg-y\" id=\"image_1828636964\">\n\t\t<a class=\"image-lightbox lightbox-gallery\" title=\"\" href=\"https:\/\/arslansilah.com\/wp-content\/uploads\/2024\/10\/Castello-AK-42-Arslan-Silah-2.webp\">\t\t\t\t\t\t<div class=\"img-inner dark\" >\n\t\t\t<img decoding=\"async\" width=\"1402\" height=\"788\" src=\"https:\/\/arslansilah.com\/wp-content\/uploads\/2024\/10\/Castello-AK-42-Arslan-Silah-2.webp\" class=\"attachment-original size-original\" alt=\"\" srcset=\"https:\/\/arslansilah.com\/wp-content\/uploads\/2024\/10\/Castello-AK-42-Arslan-Silah-2.webp 1402w, https:\/\/arslansilah.com\/wp-content\/uploads\/2024\/10\/Castello-AK-42-Arslan-Silah-2-300x169.webp 300w, https:\/\/arslansilah.com\/wp-content\/uploads\/2024\/10\/Castello-AK-42-Arslan-Silah-2-1024x576.webp 1024w, https:\/\/arslansilah.com\/wp-content\/uploads\/2024\/10\/Castello-AK-42-Arslan-Silah-2-768x432.webp 768w\" sizes=\"(max-width: 1402px) 100vw, 1402px\" \/>\t\t\t\t\t\t\n\t\t\t\t\t<\/div>\n\t\t\t\t\t\t<\/a>\t\t\n<style>\n#image_1828636964 {\n  width: 100%;\n}\n<\/style>\n\t<\/div>\n\t\n\n\n     <\/div>\n\n     <div class=\"loading-spin dark large centered\"><\/div>\n\n\t<\/div>\n\n\n\t<div id=\"text-3411361584\" class=\"text\">\n\t\t\n\n<h2><span style=\"font-size: 120%;\">Technical Information<\/span><\/h2>\n\t\t\n<style>\n#text-3411361584 {\n  text-align: center;\n  color: #ffd200;\n}\n#text-3411361584 > * {\n  color: #ffd200;\n}\n<\/style>\n\t<\/div>\n\t\n\n\t\t<div class=\"tabbed-content tabs-custom\">\n\t\t\t\n\t\t\t<ul class=\"nav nav-bold nav-uppercase nav-size-large nav-center\" role=\"tablist\"><li id=\"tab-colors-options\" class=\"tab active has-icon\" role=\"presentation\"><a href=\"#tab_colors-options\" role=\"tab\" aria-selected=\"true\" aria-controls=\"tab_colors-options\"><span>Colors Options<\/span><\/a><\/li>\n<li id=\"tab-description\" class=\"tab has-icon\" role=\"presentation\"><a href=\"#tab_description\" tabindex=\"-1\" role=\"tab\" aria-selected=\"false\" aria-controls=\"tab_description\"><span>Description<\/span><\/a><\/li>\n<li id=\"tab-technical-specifications\" class=\"tab has-icon\" role=\"presentation\"><a href=\"#tab_technical-specifications\" tabindex=\"-1\" role=\"tab\" aria-selected=\"false\" aria-controls=\"tab_technical-specifications\"><span>Technical Specifications<\/span><\/a><\/li>\n<li id=\"tab-videos\" class=\"tab has-icon\" role=\"presentation\"><a href=\"#tab_videos\" tabindex=\"-1\" role=\"tab\" aria-selected=\"false\" aria-controls=\"tab_videos\"><span>Videos<\/span><\/a><\/li><\/ul><div class=\"tab-panels\"><div id=\"tab_colors-options\" class=\"panel active entry-content\" role=\"tabpanel\" aria-labelledby=\"tab-colors-options\">\n\n<div class=\"row align-center\"  id=\"row-505030888\">\n\n\n\t<div id=\"col-1864427595\" class=\"col medium-4 small-12 large-4\"  >\n\t\t\t\t<div class=\"col-inner\"  >\n\t\t\t\n\t\t\t\n\n\n\t\t<\/div>\n\t\t\t\t\t<\/div>\n\n\t\n\n\t<div id=\"col-55568426\" class=\"col medium-8 small-12 large-8\"  data-animate=\"bounceInUp\">\n\t\t\t\t<div class=\"col-inner\"  >\n\t\t\t\n\t<div class=\"is-border\"\n\t\tstyle=\"border-color:rgb(62, 62, 62);border-width:1px 1px 1px 1px;\">\n\t<\/div>\n\t\t\t\n\n<div class=\"slider-wrapper relative\" id=\"slider-958478158\" >\n    <div class=\"slider slider-nav-simple slider-nav-large slider-nav-light slider-style-normal slider-show-nav\"\n        data-flickity-options='{\n            \"cellAlign\": \"center\",\n            \"imagesLoaded\": true,\n            \"lazyLoad\": 1,\n            \"freeScroll\": true,\n            \"wrapAround\": true,\n            \"autoPlay\": false,\n            \"pauseAutoPlayOnHover\" : false,\n            \"prevNextButtons\": true,\n            \"contain\" : true,\n            \"adaptiveHeight\" : true,\n            \"dragThreshold\" : 10,\n            \"percentPosition\": true,\n            \"pageDots\": true,\n            \"rightToLeft\": false,\n            \"draggable\": true,\n            \"selectedAttraction\": 0.1,\n            \"parallax\" : 0,\n            \"friction\": 0.6        }'\n        >\n        \n\n\t<div class=\"img has-hover x md-x lg-x y md-y lg-y\" id=\"image_1130076228\">\n\t\t<a class=\"image-lightbox lightbox-gallery\" title=\"\" href=\"https:\/\/arslansilah.com\/wp-content\/uploads\/2024\/10\/Castello-AK-42-CR11-Arslan-Silah.webp\">\t\t\t\t\t\t<div class=\"img-inner dark\" >\n\t\t\t<img decoding=\"async\" width=\"1368\" height=\"769\" src=\"https:\/\/arslansilah.com\/wp-content\/uploads\/2024\/10\/Castello-AK-42-CR11-Arslan-Silah.webp\" class=\"attachment-original size-original\" alt=\"\" srcset=\"https:\/\/arslansilah.com\/wp-content\/uploads\/2024\/10\/Castello-AK-42-CR11-Arslan-Silah.webp 1368w, https:\/\/arslansilah.com\/wp-content\/uploads\/2024\/10\/Castello-AK-42-CR11-Arslan-Silah-300x169.webp 300w, https:\/\/arslansilah.com\/wp-content\/uploads\/2024\/10\/Castello-AK-42-CR11-Arslan-Silah-1024x576.webp 1024w, https:\/\/arslansilah.com\/wp-content\/uploads\/2024\/10\/Castello-AK-42-CR11-Arslan-Silah-768x432.webp 768w\" sizes=\"(max-width: 1368px) 100vw, 1368px\" \/>\t\t\t\t\t\t\n\t\t\t\t\t<\/div>\n\t\t\t\t\t\t<\/a>\t\t\n<style>\n#image_1130076228 {\n  width: 100%;\n}\n<\/style>\n\t<\/div>\n\t\n\n\n     <\/div>\n\n     <div class=\"loading-spin dark large centered\"><\/div>\n\n\t<\/div>\n\n\n\t<div id=\"text-4123683128\" class=\"text custom-background\">\n\t\t\n\n<p><span style=\"font-size: 120%;\">Color Code: CR02<\/span><\/p>\n\t\t\n<style>\n#text-4123683128 {\n  text-align: center;\n  color: rgb(0,0,0);\n}\n#text-4123683128 > * {\n  color: rgb(0,0,0);\n}\n<\/style>\n\t<\/div>\n\t\n\n\t\t<\/div>\n\t\t\t\t\t<\/div>\n\n\t\n\n<\/div>\n\n<\/div>\n<div id=\"tab_description\" class=\"panel entry-content\" role=\"tabpanel\" aria-labelledby=\"tab-description\">\n\n<div class=\"row\"  id=\"row-80437148\">\n\n\n\t<div id=\"col-2048240056\" class=\"col small-12 large-12\"  >\n\t\t\t\t<div class=\"col-inner\"  >\n\t\t\t\n\t\t\t\n\n\t<div id=\"text-3536692840\" class=\"text\">\n\t\t\n\n<p>With a Picatinny rail, it offers easy customization with various accessories, allowing you to tailor the shotgun to your specific needs. <\/p>\n<p>Magazine Capacity: Available in 2, 5, or 10-round options, providing you with the capability for rapid fire and readiness for any scenario.<\/p>\n<p>Barrel Length: Measuring 18.5 inches (47 cm), it strikes the perfect balance for enhanced shooting accuracy.<\/p>\n<p>Finish Options: The shotgun is available with anodized, Cerakote, and hydro dipping finishes, enhancing both its appearance and durability.<\/p>\n<p>Stock and Forend: Made from synthetic materials, it offers a lightweight yet robust construction for a comfortable shooting experience.<\/p>\n<p>Chamber: Compatible with 3-inch \/ 76 mm shells, providing versatility for a wide range of ammunition.<\/p>\n<p>Receiver: The lower receiver is made of synthetic material, while the upper receiver is constructed from aluminum, maximizing both lightweight handling and durability.<\/p>\n<p>Choke System: The mobile choke system allows for customization with Full, Modified, and Cylinder options, adapting to your shooting style.<\/p>\n<p>This AK-style gas-operated semi-automatic shotgun will be an essential choice for hunting and shooting enthusiasts, delivering reliable performance even in challenging conditions. Customize your shotgun to achieve maximum efficiency with every shot! <\/p>\n\t\t\n<style>\n#text-3536692840 {\n  text-align: center;\n}\n@media (min-width:550px) {\n  #text-3536692840 {\n    text-align: center;\n  }\n}\n@media (min-width:850px) {\n  #text-3536692840 {\n    text-align: left;\n  }\n}\n<\/style>\n\t<\/div>\n\t\n\n\t\t<\/div>\n\t\t\t\t\t<\/div>\n\n\t\n\n<\/div>\n\n<\/div>\n<div id=\"tab_technical-specifications\" class=\"panel entry-content\" role=\"tabpanel\" aria-labelledby=\"tab-technical-specifications\">\n\n<div class=\"row\"  id=\"row-1788030842\">\n\n\n\t<div id=\"col-509228684\" class=\"col small-12 large-12\"  >\n\t\t\t\t<div class=\"col-inner\"  >\n\t\t\t\n\t\t\t\n\n<table class=\"custom-table\" style=\"height: 343px;\" width=\"482\">\n<tbody>\n<tr>\n<td width=\"114\">Model :<\/td>\n<td width=\"148\">Castello AK-42<\/td>\n<\/tr>\n<tr>\n<td>Gauge :<\/td>\n<td>12 GA<\/td>\n<\/tr>\n<tr>\n<td>System :<\/td>\n<td>Gas Operated<\/td>\n<\/tr>\n<tr>\n<td>Magazine Capacity :<\/td>\n<td>2\/5\/10<\/td>\n<\/tr>\n<tr>\n<td>Coating :<\/td>\n<td>Anodize\/Cerakote\/Hidro Dipping<\/td>\n<\/tr>\n<tr>\n<td>Stock &amp; Handguard :<\/td>\n<td>Synthetic<\/td>\n<\/tr>\n<tr>\n<td>Barrel Lenght :<\/td>\n<td>18,5 \u0130n\u00e7 &#8211; 47 Cm<\/td>\n<\/tr>\n<tr>\n<td>Chamber :<\/td>\n<td>3 \u0130n\u00e7 \/ 76mm<\/td>\n<\/tr>\n<tr>\n<td>Receiver :<\/td>\n<td>Lower Synthetic &#8211; Upper Aluminum<\/td>\n<\/tr>\n<tr>\n<td>Shock:<\/td>\n<td>Slug<\/td>\n<\/tr>\n<\/tbody>\n<\/table>\n\n\t\t<\/div>\n\t\t\t\t\t<\/div>\n\n\t\n\n<\/div>\n\n<\/div>\n<div id=\"tab_videos\" class=\"panel entry-content\" role=\"tabpanel\" aria-labelledby=\"tab-videos\">\n\n<div class=\"video video-fit mb\" style=\"padding-top:56.25%;\"><iframe loading=\"lazy\" title=\"Arslan Silah Castello AK-42 Kutu A\u00e7\u0131l\u0131m\u0131\" width=\"1020\" height=\"574\" src=\"https:\/\/www.youtube.com\/embed\/VhQgs5MKswM?feature=oembed\" frameborder=\"0\" allow=\"accelerometer; autoplay; clipboard-write; encrypted-media; gyroscope; picture-in-picture; web-share\" referrerpolicy=\"strict-origin-when-cross-origin\" allowfullscreen><\/iframe><\/div>\n\n<div class=\"video video-fit mb\" style=\"padding-top:56.25%;\"><p><iframe loading=\"lazy\" title=\"Arslan Silah Castello AK-42\" width=\"1020\" height=\"574\" src=\"https:\/\/www.youtube.com\/embed\/5fE2x59Fass?feature=oembed\" frameborder=\"0\" allow=\"accelerometer; autoplay; clipboard-write; encrypted-media; gyroscope; picture-in-picture; web-share\" referrerpolicy=\"strict-origin-when-cross-origin\" allowfullscreen><\/iframe><\/p>\n<\/div>\n\n<div class=\"video video-fit mb\" style=\"padding-top:56.25%;\"><p><iframe loading=\"lazy\" title=\"Arslan Silah Castello AK-42\" width=\"1020\" height=\"574\" src=\"https:\/\/www.youtube.com\/embed\/RZbIxRq_qbE?feature=oembed\" frameborder=\"0\" allow=\"accelerometer; autoplay; clipboard-write; encrypted-media; gyroscope; picture-in-picture; web-share\" referrerpolicy=\"strict-origin-when-cross-origin\" allowfullscreen><\/iframe><\/p>\n<\/div>\n\n<div class=\"video video-fit mb\" style=\"padding-top:56.25%;\"><p><iframe loading=\"lazy\" title=\"Arslan Silah Castello AK-42 !!\" width=\"1020\" height=\"574\" src=\"https:\/\/www.youtube.com\/embed\/OXw5hCF4LEw?feature=oembed\" frameborder=\"0\" allow=\"accelerometer; autoplay; clipboard-write; encrypted-media; gyroscope; picture-in-picture; web-share\" referrerpolicy=\"strict-origin-when-cross-origin\" allowfullscreen><\/iframe><\/p>\n<\/div>\n\n<div class=\"video video-fit mb\" style=\"padding-top:56.25%;\"><p><iframe loading=\"lazy\" title=\"Arslan Silah Castello AK-42 !!\" width=\"1020\" height=\"574\" src=\"https:\/\/www.youtube.com\/embed\/1iTzQlDC3UA?feature=oembed\" frameborder=\"0\" allow=\"accelerometer; autoplay; clipboard-write; encrypted-media; gyroscope; picture-in-picture; web-share\" referrerpolicy=\"strict-origin-when-cross-origin\" allowfullscreen><\/iframe><\/p>\n<\/div>\n\n<div class=\"video video-fit mb\" style=\"padding-top:56.25%;\"><p><iframe loading=\"lazy\" title=\"Arslan Silah Castello AK-42\" width=\"1020\" height=\"574\" src=\"https:\/\/www.youtube.com\/embed\/_DjQQX3P8BY?feature=oembed\" frameborder=\"0\" allow=\"accelerometer; autoplay; clipboard-write; encrypted-media; gyroscope; picture-in-picture; web-share\" referrerpolicy=\"strict-origin-when-cross-origin\" allowfullscreen><\/iframe><\/p>\n<\/div>\n\n<div class=\"video video-fit mb\" style=\"padding-top:56.25%;\"><p><iframe loading=\"lazy\" title=\"Castello AK-42 !!\" width=\"1020\" height=\"574\" src=\"https:\/\/www.youtube.com\/embed\/BYzA9Im9FZM?feature=oembed\" frameborder=\"0\" allow=\"accelerometer; autoplay; clipboard-write; encrypted-media; gyroscope; picture-in-picture; web-share\" referrerpolicy=\"strict-origin-when-cross-origin\" allowfullscreen><\/iframe><\/p>\n<\/div>\n\n\n<\/div><\/div><\/div>\n\n\t\t<\/div>\n\t\t\t\t\n<style>\n#col-1005014902 > .col-inner {\n  margin: -22px 0px -75px 0px;\n}\n@media (min-width:550px) {\n  #col-1005014902 > .col-inner {\n    margin: -56px 0px -77px 0px;\n  }\n}\n@media (min-width:850px) {\n  #col-1005014902 > .col-inner {\n    margin: -104px 0px -76px 0px;\n  }\n}\n<\/style>\n\t<\/div>\n\n\t\n\n\n<style>\n#row-1081482881 > .col > .col-inner {\n  padding: 40px 0px 100px 0px;\n}\n<\/style>\n<\/div>\n\n\t\t<\/div>\n\n\t\t\n<style>\n#section_569685150 {\n  padding-top: 0px;\n  padding-bottom: 0px;\n  background-color: rgb(0,0,0);\n}\n@media (min-width:550px) {\n  #section_569685150 {\n    padding-top: 0px;\n    padding-bottom: 0px;\n  }\n}\n@media (min-width:850px) {\n  #section_569685150 {\n    padding-top: 0px;\n    padding-bottom: 0px;\n  }\n}\n<\/style>\n\t<\/section>\n\t\n\n","protected":false},"excerpt":{"rendered":"","protected":false},"author":4,"featured_media":628,"parent":753,"menu_order":13,"comment_status":"closed","ping_status":"closed","template":"page-blank.php","meta":{"footnotes":""},"class_list":["post-783","page","type-page","status-publish","has-post-thumbnail","hentry"],"_links":{"self":[{"href":"https:\/\/arslansilah.com\/en\/wp-json\/wp\/v2\/pages\/783","targetHints":{"allow":["GET"]}}],"collection":[{"href":"https:\/\/arslansilah.com\/en\/wp-json\/wp\/v2\/pages"}],"about":[{"href":"https:\/\/arslansilah.com\/en\/wp-json\/wp\/v2\/types\/page"}],"author":[{"embeddable":true,"href":"https:\/\/arslansilah.com\/en\/wp-json\/wp\/v2\/users\/4"}],"replies":[{"embeddable":true,"href":"https:\/\/arslansilah.com\/en\/wp-json\/wp\/v2\/comments?post=783"}],"version-history":[{"count":3,"href":"https:\/\/arslansilah.com\/en\/wp-json\/wp\/v2\/pages\/783\/revisions"}],"predecessor-version":[{"id":2822,"href":"https:\/\/arslansilah.com\/en\/wp-json\/wp\/v2\/pages\/783\/revisions\/2822"}],"up":[{"embeddable":true,"href":"https:\/\/arslansilah.com\/en\/wp-json\/wp\/v2\/pages\/753"}],"wp:featuredmedia":[{"embeddable":true,"href":"https:\/\/arslansilah.com\/en\/wp-json\/wp\/v2\/media\/628"}],"wp:attachment":[{"href":"https:\/\/arslansilah.com\/en\/wp-json\/wp\/v2\/media?parent=783"}],"curies":[{"name":"wp","href":"https:\/\/api.w.org\/{rel}","templated":true}]}}