{"id":768,"date":"2024-10-10T17:34:55","date_gmt":"2024-10-10T14:34:55","guid":{"rendered":"https:\/\/arslansilah.com\/pump-action\/castello-101-pa\/"},"modified":"2026-02-09T22:16:29","modified_gmt":"2026-02-09T19:16:29","slug":"castello-101-pa","status":"publish","type":"page","link":"https:\/\/arslansilah.com\/en\/pump-action\/castello-101-pa\/","title":{"rendered":"Castello 101-PA"},"content":{"rendered":"\n\n\t<section class=\"section dark-background\" id=\"section_232373685\">\n\t\t<div class=\"section-bg fill\" >\n\t\t\t\t\t\t\t\t\t\n\t\t\t\n\n\t\t<\/div>\n\n\t\t\n\n\t\t<div class=\"section-content relative\">\n\t\t\t\n\n\n  <div class=\"banner has-hover dark-background banner-image\" id=\"banner-1721469952\">\n          <div class=\"banner-inner fill\">\n        <div class=\"banner-bg fill\" >\n            <img decoding=\"async\" width=\"2560\" height=\"1440\" src=\"https:\/\/arslansilah.com\/wp-content\/uploads\/2024\/10\/101-PA-Arslan-Silah-scaled.webp\" class=\"bg attachment-original size-original\" alt=\"\" \/>                        <div class=\"overlay\"><\/div>            \n                    <\/div>\n\t\t\n        <div class=\"banner-layers container\">\n            <div class=\"fill banner-link\"><\/div>            \n\n   <div id=\"text-box-1957179709\" class=\"text-box banner-layer x50 md-x50 lg-x50 y50 md-y50 lg-y50 res-text\">\n                                <div class=\"text-box-content text dark\">\n              \n              <div class=\"text-inner text-center\">\n                  \n\n<h1>Castello 101-PA<\/h1>\n\n\n<nav aria-label=\"breadcrumbs\" class=\"rank-math-breadcrumb\"><p><\/p><\/nav>\n\n\n              <\/div>\n           <\/div>\n                            \n<style>\n#text-box-1957179709 {\n  width: 95%;\n}\n#text-box-1957179709 .text-box-content {\n  font-size: 100%;\n}\n<\/style>\n    <\/div>\n \n\n        <\/div>\n      <\/div>\n\n            \n<style>\n#banner-1721469952 {\n  padding-top: 206px;\n}\n#banner-1721469952 .overlay {\n  background-color: rgba(0, 0, 0, 0.372);\n}\n#banner-1721469952 .banner-bg img {\n  object-position: 46% 31%;\n}\n@media (min-width:550px) {\n  #banner-1721469952 {\n    padding-top: 419px;\n  }\n}\n@media (min-width:850px) {\n  #banner-1721469952 {\n    padding-top: 500px;\n  }\n}\n<\/style>\n  <\/div>\n\n\n\n\t\t<\/div>\n\n\t\t\n<style>\n#section_232373685 {\n  padding-top: 0px;\n  padding-bottom: 0px;\n}\n<\/style>\n\t<\/section>\n\t\n\n\t<section class=\"section dark-background dark\" id=\"section_948285614\">\n\t\t<div class=\"section-bg fill\" >\n\t\t\t\t\t\t\t\t\t\n\t\t\t\n\n\t\t<\/div>\n\n\t\t\n\n\t\t<div class=\"section-content relative\">\n\t\t\t\n\n<div class=\"row row-collapse align-center\"  id=\"row-2039255448\">\n\n\n\t<div id=\"col-921956139\" class=\"col small-12 large-12\"  data-animate=\"bounceInUp\">\n\t\t\t\t<div class=\"col-inner\"  >\n\t\t\t\n\t\t\t\n\n<div class=\"slider-wrapper relative\" id=\"slider-2058379748\" >\n    <div class=\"slider slider-nav-simple slider-nav-large slider-nav-light slider-style-normal slider-show-nav\"\n        data-flickity-options='{\n            \"cellAlign\": \"center\",\n            \"imagesLoaded\": true,\n            \"lazyLoad\": 1,\n            \"freeScroll\": true,\n            \"wrapAround\": true,\n            \"autoPlay\": false,\n            \"pauseAutoPlayOnHover\" : false,\n            \"prevNextButtons\": true,\n            \"contain\" : true,\n            \"adaptiveHeight\" : true,\n            \"dragThreshold\" : 10,\n            \"percentPosition\": true,\n            \"pageDots\": true,\n            \"rightToLeft\": false,\n            \"draggable\": true,\n            \"selectedAttraction\": 0.1,\n            \"parallax\" : 0,\n            \"friction\": 0.6        }'\n        >\n        \n\n\t<div class=\"img has-hover x md-x lg-x y md-y lg-y\" id=\"image_123607145\">\n\t\t<a class=\"image-lightbox lightbox-gallery\" title=\"\" href=\"https:\/\/arslansilah.com\/wp-content\/uploads\/2025\/02\/101-PA-2-scaled.webp\">\t\t\t\t\t\t<div class=\"img-inner dark\" >\n\t\t\t<img decoding=\"async\" width=\"2560\" height=\"1439\" src=\"https:\/\/arslansilah.com\/wp-content\/uploads\/2025\/02\/101-PA-2-scaled.webp\" class=\"attachment-original size-original\" alt=\"101-PA (2)\" srcset=\"https:\/\/arslansilah.com\/wp-content\/uploads\/2025\/02\/101-PA-2-scaled.webp 2560w, https:\/\/arslansilah.com\/wp-content\/uploads\/2025\/02\/101-PA-2-300x169.webp 300w, https:\/\/arslansilah.com\/wp-content\/uploads\/2025\/02\/101-PA-2-1024x576.webp 1024w, https:\/\/arslansilah.com\/wp-content\/uploads\/2025\/02\/101-PA-2-768x432.webp 768w, https:\/\/arslansilah.com\/wp-content\/uploads\/2025\/02\/101-PA-2-1536x863.webp 1536w, https:\/\/arslansilah.com\/wp-content\/uploads\/2025\/02\/101-PA-2-2048x1151.webp 2048w\" sizes=\"(max-width: 2560px) 100vw, 2560px\" \/>\t\t\t\t\t\t\n\t\t\t\t\t<\/div>\n\t\t\t\t\t\t<\/a>\t\t\n<style>\n#image_123607145 {\n  width: 100%;\n}\n<\/style>\n\t<\/div>\n\t\n\n\t<div class=\"img has-hover x md-x lg-x y md-y lg-y\" id=\"image_1067511747\">\n\t\t<a class=\"image-lightbox lightbox-gallery\" title=\"\" href=\"https:\/\/arslansilah.com\/wp-content\/uploads\/2025\/02\/101-PA-1-scaled.webp\">\t\t\t\t\t\t<div class=\"img-inner dark\" >\n\t\t\t<img decoding=\"async\" width=\"2560\" height=\"1439\" src=\"https:\/\/arslansilah.com\/wp-content\/uploads\/2025\/02\/101-PA-1-scaled.webp\" class=\"attachment-original size-original\" alt=\"101-PA (1)\" srcset=\"https:\/\/arslansilah.com\/wp-content\/uploads\/2025\/02\/101-PA-1-scaled.webp 2560w, https:\/\/arslansilah.com\/wp-content\/uploads\/2025\/02\/101-PA-1-300x169.webp 300w, https:\/\/arslansilah.com\/wp-content\/uploads\/2025\/02\/101-PA-1-1024x576.webp 1024w, https:\/\/arslansilah.com\/wp-content\/uploads\/2025\/02\/101-PA-1-768x432.webp 768w, https:\/\/arslansilah.com\/wp-content\/uploads\/2025\/02\/101-PA-1-1536x863.webp 1536w, https:\/\/arslansilah.com\/wp-content\/uploads\/2025\/02\/101-PA-1-2048x1151.webp 2048w\" sizes=\"(max-width: 2560px) 100vw, 2560px\" \/>\t\t\t\t\t\t\n\t\t\t\t\t<\/div>\n\t\t\t\t\t\t<\/a>\t\t\n<style>\n#image_1067511747 {\n  width: 100%;\n}\n<\/style>\n\t<\/div>\n\t\n\n\n     <\/div>\n\n     <div class=\"loading-spin dark large centered\"><\/div>\n\n\t<\/div>\n\n\n\t<div id=\"text-3515018033\" class=\"text\">\n\t\t\n\n<h2><span style=\"font-size: 120%;\">Technical Information<\/span><\/h2>\n\t\t\n<style>\n#text-3515018033 {\n  text-align: center;\n  color: #ffd200;\n}\n#text-3515018033 > * {\n  color: #ffd200;\n}\n<\/style>\n\t<\/div>\n\t\n\n\t\t<div class=\"tabbed-content tabs-custom\">\n\t\t\t\n\t\t\t<ul class=\"nav nav-bold nav-uppercase nav-size-large nav-center\" role=\"tablist\"><li id=\"tab-description\" class=\"tab active has-icon\" role=\"presentation\"><a href=\"#tab_description\" role=\"tab\" aria-selected=\"true\" aria-controls=\"tab_description\"><span>Description<\/span><\/a><\/li>\n<li id=\"tab-technical-specifications\" class=\"tab has-icon\" role=\"presentation\"><a href=\"#tab_technical-specifications\" tabindex=\"-1\" role=\"tab\" aria-selected=\"false\" aria-controls=\"tab_technical-specifications\"><span>Technical Specifications<\/span><\/a><\/li>\n<li id=\"tab-videos\" class=\"tab has-icon\" role=\"presentation\"><a href=\"#tab_videos\" tabindex=\"-1\" role=\"tab\" aria-selected=\"false\" aria-controls=\"tab_videos\"><span>VIDEOS<\/span><\/a><\/li><\/ul><div class=\"tab-panels\"><div id=\"tab_description\" class=\"panel active entry-content\" role=\"tabpanel\" aria-labelledby=\"tab-description\">\n\n<div class=\"row\"  id=\"row-983921876\">\n\n\n\t<div id=\"col-787561469\" class=\"col small-12 large-12\"  >\n\t\t\t\t<div class=\"col-inner\"  >\n\t\t\t\n\t\t\t\n\n\t<div id=\"text-1914905328\" class=\"text\">\n\t\t\n\n<p>Designed for hunting and shooting enthusiasts, this 12 GA pump-action shotgun delivers top-tier performance and durability. With 4+1 and 7+1 magazine capacities, it offers maximum flexibility in various scenarios. The 20, 24, and 28-inch (51, 61, and 71 cm) barrel options cater to different shooting needs.  <\/p>\n<p>The finish options\u2014anodized, Cerakote, and hydro dipping\u2014provide protection against environmental factors while allowing you to personalize your shotgun. The Turkish walnut stock and forend add both a stylish touch and natural durability to the design. <\/p>\n<p>The lightweight aluminum receiver ensures comfort even during prolonged use, and the mobile choke system offers Full, Modified, and Cylinder choke options to match your shooting style. The 3-inch \/ 76mm chamber enhances versatility by accommodating a wide range of shells. <\/p>\n<p>Ideal for both hunting and tactical use, this pump-action shotgun stands out with its durability, ergonomic design, and reliable performance, making it a top choice for professionals and enthusiasts alike.<\/p>\n\t\t\n<style>\n#text-1914905328 {\n  text-align: center;\n}\n@media (min-width:550px) {\n  #text-1914905328 {\n    text-align: center;\n  }\n}\n@media (min-width:850px) {\n  #text-1914905328 {\n    text-align: left;\n  }\n}\n<\/style>\n\t<\/div>\n\t\n\n\t\t<\/div>\n\t\t\t\t\t<\/div>\n\n\t\n\n<\/div>\n\n<\/div>\n<div id=\"tab_technical-specifications\" class=\"panel entry-content\" role=\"tabpanel\" aria-labelledby=\"tab-technical-specifications\">\n\n<div class=\"row\"  id=\"row-815782454\">\n\n\n\t<div id=\"col-1334832318\" class=\"col small-12 large-12\"  >\n\t\t\t\t<div class=\"col-inner\"  >\n\t\t\t\n\t\t\t\n\n<table class=\"custom-table\" style=\"height: 343px;\" width=\"482\">\n<tbody>\n<tr>\n<td width=\"114\">Model :<\/td>\n<td width=\"148\">Castello 101-PA<\/td>\n<\/tr>\n<tr>\n<td>Gauge :<\/td>\n<td>12 GA<\/td>\n<\/tr>\n<tr>\n<td>System :<\/td>\n<td>Pump Action<\/td>\n<\/tr>\n<tr>\n<td>Magazine Capacity :<\/td>\n<td>4+1 \/ 7+1<\/td>\n<\/tr>\n<tr>\n<td>Coating :<\/td>\n<td>Anodize\/Cerakote\/Hidro Dipping<\/td>\n<\/tr>\n<tr>\n<td>Stock &amp; Handguard :<\/td>\n<td>Turkish Walnut<\/td>\n<\/tr>\n<tr>\n<td>Barrel Lenght :<\/td>\n<td>20\/24\/28 in\u00e7 \u2013 51\/61\/71 cm<\/td>\n<\/tr>\n<tr>\n<td>Chamber :<\/td>\n<td>3 \u0130n\u00e7 \/ 76mm<\/td>\n<\/tr>\n<tr>\n<td>Receiver :<\/td>\n<td> Aluminum<\/td>\n<\/tr>\n<tr>\n<td>Choke :<\/td>\n<td>Mobile Choke F, M, CL<\/td>\n<\/tr>\n<\/tbody>\n<\/table>\n\n\t\t<\/div>\n\t\t\t\t\t<\/div>\n\n\t\n\n<\/div>\n\n<\/div>\n<div id=\"tab_videos\" class=\"panel entry-content\" role=\"tabpanel\" aria-labelledby=\"tab-videos\">\n\n<div class=\"video video-fit mb\" style=\"padding-top:56.25%;\"><iframe loading=\"lazy\" title=\"Arslan Silah Castello 101 P Senetetik Kutu A\u00e7\u0131l\u0131m\u0131\" width=\"1020\" height=\"574\" src=\"https:\/\/www.youtube.com\/embed\/M63SERWrlRg?feature=oembed\" frameborder=\"0\" allow=\"accelerometer; autoplay; clipboard-write; encrypted-media; gyroscope; picture-in-picture; web-share\" referrerpolicy=\"strict-origin-when-cross-origin\" allowfullscreen><\/iframe><\/div>\n\n<div class=\"video video-fit mb\" style=\"padding-top:56.25%;\"><p><iframe loading=\"lazy\" title=\"Arslan Silah Castello 101-P T\u00fcrk Cevizi\" width=\"1020\" height=\"574\" src=\"https:\/\/www.youtube.com\/embed\/jKaGBVwBUjQ?feature=oembed\" frameborder=\"0\" allow=\"accelerometer; autoplay; clipboard-write; encrypted-media; gyroscope; picture-in-picture; web-share\" referrerpolicy=\"strict-origin-when-cross-origin\" allowfullscreen><\/iframe><\/p>\n<\/div>\n\n<div class=\"video video-fit mb\" style=\"padding-top:56.25%;\"><p><iframe loading=\"lazy\" title=\"Arslan Silah Castello 101-PA\" width=\"1020\" height=\"574\" src=\"https:\/\/www.youtube.com\/embed\/LNrS1vCt3IQ?feature=oembed\" frameborder=\"0\" allow=\"accelerometer; autoplay; clipboard-write; encrypted-media; gyroscope; picture-in-picture; web-share\" referrerpolicy=\"strict-origin-when-cross-origin\" allowfullscreen><\/iframe><\/p>\n<\/div>\n\n<div class=\"video video-fit mb\" style=\"padding-top:56.25%;\"><p><iframe loading=\"lazy\" title=\"Arslan Silah Castello MOD-101-PA !!\" width=\"1020\" height=\"574\" src=\"https:\/\/www.youtube.com\/embed\/MfnV2mZFUrw?feature=oembed\" frameborder=\"0\" allow=\"accelerometer; autoplay; clipboard-write; encrypted-media; gyroscope; picture-in-picture; web-share\" referrerpolicy=\"strict-origin-when-cross-origin\" allowfullscreen><\/iframe><\/p>\n<\/div>\n\n<div class=\"video video-fit mb\" style=\"padding-top:56.25%;\"><p><iframe loading=\"lazy\" title=\"Arslan Silah Castello 101-P !!\" width=\"1020\" height=\"574\" src=\"https:\/\/www.youtube.com\/embed\/LAm-1XGVcPw?feature=oembed\" frameborder=\"0\" allow=\"accelerometer; autoplay; clipboard-write; encrypted-media; gyroscope; picture-in-picture; web-share\" referrerpolicy=\"strict-origin-when-cross-origin\" allowfullscreen><\/iframe><\/p>\n<\/div>\n\n\n<\/div><\/div><\/div>\n\n\t\t<\/div>\n\t\t\t\t\n<style>\n#col-921956139 > .col-inner {\n  margin: -22px 0px -75px 0px;\n}\n@media (min-width:550px) {\n  #col-921956139 > .col-inner {\n    margin: -56px 0px -77px 0px;\n  }\n}\n@media (min-width:850px) {\n  #col-921956139 > .col-inner {\n    margin: -104px 0px -76px 0px;\n  }\n}\n<\/style>\n\t<\/div>\n\n\t\n\n\n<style>\n#row-2039255448 > .col > .col-inner {\n  padding: 40px 0px 100px 0px;\n}\n<\/style>\n<\/div>\n\n\t\t<\/div>\n\n\t\t\n<style>\n#section_948285614 {\n  padding-top: 0px;\n  padding-bottom: 0px;\n  background-color: rgb(0,0,0);\n}\n@media (min-width:550px) {\n  #section_948285614 {\n    padding-top: 0px;\n    padding-bottom: 0px;\n  }\n}\n@media (min-width:850px) {\n  #section_948285614 {\n    padding-top: 0px;\n    padding-bottom: 0px;\n  }\n}\n<\/style>\n\t<\/section>\n\t\n\n","protected":false},"excerpt":{"rendered":"","protected":false},"author":4,"featured_media":611,"parent":750,"menu_order":40,"comment_status":"closed","ping_status":"closed","template":"page-blank.php","meta":{"footnotes":""},"class_list":["post-768","page","type-page","status-publish","has-post-thumbnail","hentry"],"_links":{"self":[{"href":"https:\/\/arslansilah.com\/en\/wp-json\/wp\/v2\/pages\/768","targetHints":{"allow":["GET"]}}],"collection":[{"href":"https:\/\/arslansilah.com\/en\/wp-json\/wp\/v2\/pages"}],"about":[{"href":"https:\/\/arslansilah.com\/en\/wp-json\/wp\/v2\/types\/page"}],"author":[{"embeddable":true,"href":"https:\/\/arslansilah.com\/en\/wp-json\/wp\/v2\/users\/4"}],"replies":[{"embeddable":true,"href":"https:\/\/arslansilah.com\/en\/wp-json\/wp\/v2\/comments?post=768"}],"version-history":[{"count":4,"href":"https:\/\/arslansilah.com\/en\/wp-json\/wp\/v2\/pages\/768\/revisions"}],"predecessor-version":[{"id":2364,"href":"https:\/\/arslansilah.com\/en\/wp-json\/wp\/v2\/pages\/768\/revisions\/2364"}],"up":[{"embeddable":true,"href":"https:\/\/arslansilah.com\/en\/wp-json\/wp\/v2\/pages\/750"}],"wp:featuredmedia":[{"embeddable":true,"href":"https:\/\/arslansilah.com\/en\/wp-json\/wp\/v2\/media\/611"}],"wp:attachment":[{"href":"https:\/\/arslansilah.com\/en\/wp-json\/wp\/v2\/media?parent=768"}],"curies":[{"name":"wp","href":"https:\/\/api.w.org\/{rel}","templated":true}]}}