{"id":2706,"date":"2025-05-26T02:22:10","date_gmt":"2025-05-25T23:22:10","guid":{"rendered":"https:\/\/arslansilah.com\/magazine-fed\/castello-mp-8xs\/"},"modified":"2026-02-16T09:13:38","modified_gmt":"2026-02-16T06:13:38","slug":"castello-mp-8xs","status":"publish","type":"page","link":"https:\/\/arslansilah.com\/en\/magazine-fed\/castello-mp-8xs\/","title":{"rendered":"Castello MP-8XS"},"content":{"rendered":"\n\n\t<section class=\"section dark-background\" id=\"section_6138324\">\n\t\t<div class=\"section-bg fill\" >\n\t\t\t\t\t\t\t\t\t\n\t\t\t\n\n\t\t<\/div>\n\n\t\t\n\n\t\t<div class=\"section-content relative\">\n\t\t\t\n\n\n  <div class=\"banner has-hover dark-background banner-image\" id=\"banner-239786867\">\n          <div class=\"banner-inner fill\">\n        <div class=\"banner-bg fill\" >\n            <img decoding=\"async\" width=\"2560\" height=\"1440\" src=\"https:\/\/arslansilah.com\/wp-content\/uploads\/2025\/05\/DSC04758-Enhanced-NR-scaled.webp\" class=\"bg attachment-original size-original\" alt=\"\" \/>                        <div class=\"overlay\"><\/div>            \n                    <\/div>\n\t\t\n        <div class=\"banner-layers container\">\n            <div class=\"fill banner-link\"><\/div>            \n\n   <div id=\"text-box-1096917446\" class=\"text-box banner-layer x50 md-x50 lg-x50 y50 md-y50 lg-y50 res-text\">\n                                <div class=\"text-box-content text dark\">\n              \n              <div class=\"text-inner text-center\">\n                  \n\n<h1>Castello MP-8XS<\/h1>\n\n\n<nav aria-label=\"breadcrumbs\" class=\"rank-math-breadcrumb\"><p><\/p><\/nav>\n\n\n              <\/div>\n           <\/div>\n                            \n<style>\n#text-box-1096917446 {\n  width: 95%;\n}\n#text-box-1096917446 .text-box-content {\n  font-size: 100%;\n}\n<\/style>\n    <\/div>\n \n\n        <\/div>\n      <\/div>\n\n            \n<style>\n#banner-239786867 {\n  padding-top: 206px;\n}\n#banner-239786867 .overlay {\n  background-color: rgba(0, 0, 0, 0.372);\n}\n#banner-239786867 .banner-bg img {\n  object-position: 58% 29%;\n}\n@media (min-width:550px) {\n  #banner-239786867 {\n    padding-top: 419px;\n  }\n}\n@media (min-width:850px) {\n  #banner-239786867 {\n    padding-top: 500px;\n  }\n}\n<\/style>\n  <\/div>\n\n\n\n\t\t<\/div>\n\n\t\t\n<style>\n#section_6138324 {\n  padding-top: 0px;\n  padding-bottom: 0px;\n}\n<\/style>\n\t<\/section>\n\t\n\n\t<section class=\"section dark-background dark\" id=\"section_1234586788\">\n\t\t<div class=\"section-bg fill\" >\n\t\t\t\t\t\t\t\t\t\n\t\t\t\n\n\t\t<\/div>\n\n\t\t\n\n\t\t<div class=\"section-content relative\">\n\t\t\t\n\n<div class=\"row row-collapse align-center\"  id=\"row-195467899\">\n\n\n\t<div id=\"col-1123479445\" class=\"col small-12 large-12\"  data-animate=\"bounceInUp\">\n\t\t\t\t<div class=\"col-inner\"  >\n\t\t\t\n\t\t\t\n\n<div class=\"slider-wrapper relative\" id=\"slider-223768325\" >\n    <div class=\"slider slider-nav-simple slider-nav-large slider-nav-light slider-style-normal slider-show-nav\"\n        data-flickity-options='{\n            \"cellAlign\": \"center\",\n            \"imagesLoaded\": true,\n            \"lazyLoad\": 1,\n            \"freeScroll\": true,\n            \"wrapAround\": true,\n            \"autoPlay\": false,\n            \"pauseAutoPlayOnHover\" : false,\n            \"prevNextButtons\": true,\n            \"contain\" : true,\n            \"adaptiveHeight\" : true,\n            \"dragThreshold\" : 10,\n            \"percentPosition\": true,\n            \"pageDots\": true,\n            \"rightToLeft\": false,\n            \"draggable\": true,\n            \"selectedAttraction\": 0.1,\n            \"parallax\" : 0,\n            \"friction\": 0.6        }'\n        >\n        \n\n\t<div class=\"img has-hover x md-x lg-x y md-y lg-y\" id=\"image_84173832\">\n\t\t<a class=\"image-lightbox lightbox-gallery\" title=\"\" href=\"https:\/\/arslansilah.com\/wp-content\/uploads\/2025\/05\/ARSLAN-SILAH-CASTELLO-MP-8XS-1-scaled.webp\">\t\t\t\t\t\t<div class=\"img-inner dark\" >\n\t\t\t<img decoding=\"async\" width=\"2560\" height=\"1439\" src=\"https:\/\/arslansilah.com\/wp-content\/uploads\/2025\/05\/ARSLAN-SILAH-CASTELLO-MP-8XS-1-scaled.webp\" class=\"attachment-original size-original\" alt=\"ARSLAN-SILAH-CASTELLO-MP-8XS (1)\" srcset=\"https:\/\/arslansilah.com\/wp-content\/uploads\/2025\/05\/ARSLAN-SILAH-CASTELLO-MP-8XS-1-scaled.webp 2560w, https:\/\/arslansilah.com\/wp-content\/uploads\/2025\/05\/ARSLAN-SILAH-CASTELLO-MP-8XS-1-300x169.webp 300w, https:\/\/arslansilah.com\/wp-content\/uploads\/2025\/05\/ARSLAN-SILAH-CASTELLO-MP-8XS-1-1024x576.webp 1024w, https:\/\/arslansilah.com\/wp-content\/uploads\/2025\/05\/ARSLAN-SILAH-CASTELLO-MP-8XS-1-768x432.webp 768w, https:\/\/arslansilah.com\/wp-content\/uploads\/2025\/05\/ARSLAN-SILAH-CASTELLO-MP-8XS-1-1536x864.webp 1536w, https:\/\/arslansilah.com\/wp-content\/uploads\/2025\/05\/ARSLAN-SILAH-CASTELLO-MP-8XS-1-2048x1152.webp 2048w\" sizes=\"(max-width: 2560px) 100vw, 2560px\" \/>\t\t\t\t\t\t\n\t\t\t\t\t<\/div>\n\t\t\t\t\t\t<\/a>\t\t\n<style>\n#image_84173832 {\n  width: 100%;\n}\n<\/style>\n\t<\/div>\n\t\n\n\t<div class=\"img has-hover x md-x lg-x y md-y lg-y\" id=\"image_313058552\">\n\t\t<a class=\"image-lightbox lightbox-gallery\" title=\"\" href=\"https:\/\/arslansilah.com\/wp-content\/uploads\/2025\/05\/ARSLAN-SILAH-CASTELLO-MP-8XS-2-scaled.webp\">\t\t\t\t\t\t<div class=\"img-inner dark\" >\n\t\t\t<img decoding=\"async\" width=\"2560\" height=\"1439\" src=\"https:\/\/arslansilah.com\/wp-content\/uploads\/2025\/05\/ARSLAN-SILAH-CASTELLO-MP-8XS-2-scaled.webp\" class=\"attachment-original size-original\" alt=\"ARSLAN-SILAH-CASTELLO-MP-8XS (2)\" srcset=\"https:\/\/arslansilah.com\/wp-content\/uploads\/2025\/05\/ARSLAN-SILAH-CASTELLO-MP-8XS-2-scaled.webp 2560w, https:\/\/arslansilah.com\/wp-content\/uploads\/2025\/05\/ARSLAN-SILAH-CASTELLO-MP-8XS-2-300x169.webp 300w, https:\/\/arslansilah.com\/wp-content\/uploads\/2025\/05\/ARSLAN-SILAH-CASTELLO-MP-8XS-2-1024x576.webp 1024w, https:\/\/arslansilah.com\/wp-content\/uploads\/2025\/05\/ARSLAN-SILAH-CASTELLO-MP-8XS-2-768x432.webp 768w, https:\/\/arslansilah.com\/wp-content\/uploads\/2025\/05\/ARSLAN-SILAH-CASTELLO-MP-8XS-2-1536x864.webp 1536w, https:\/\/arslansilah.com\/wp-content\/uploads\/2025\/05\/ARSLAN-SILAH-CASTELLO-MP-8XS-2-2048x1152.webp 2048w\" sizes=\"(max-width: 2560px) 100vw, 2560px\" \/>\t\t\t\t\t\t\n\t\t\t\t\t<\/div>\n\t\t\t\t\t\t<\/a>\t\t\n<style>\n#image_313058552 {\n  width: 100%;\n}\n<\/style>\n\t<\/div>\n\t\n\n\n     <\/div>\n\n     <div class=\"loading-spin dark large centered\"><\/div>\n\n\t<\/div>\n\n\n\t<div id=\"text-406413499\" class=\"text\">\n\t\t\n\n<h2><span style=\"font-size: 120%;\">Teknik Bilgiler<\/span><\/h2>\n\t\t\n<style>\n#text-406413499 {\n  text-align: center;\n  color: #ffd200;\n}\n#text-406413499 > * {\n  color: #ffd200;\n}\n<\/style>\n\t<\/div>\n\t\n\n\t\t<div class=\"tabbed-content tabs-custom\">\n\t\t\t\n\t\t\t<ul class=\"nav nav-bold nav-uppercase nav-size-large nav-center\" role=\"tablist\"><li id=\"tab-\u00dcr\u00fcn-a\u00e7\u0131klamas\u0131\" class=\"tab active has-icon\" role=\"presentation\"><a href=\"#tab_\u00dcr\u00fcn-a\u00e7\u0131klamas\u0131\" role=\"tab\" aria-selected=\"true\" aria-controls=\"tab_\u00dcr\u00fcn-a\u00e7\u0131klamas\u0131\"><span>\u00dcr\u00fcn A\u00e7\u0131klamas\u0131<\/span><\/a><\/li>\n<li id=\"tab-teknik-\u00d6zellikler\" class=\"tab has-icon\" role=\"presentation\"><a href=\"#tab_teknik-\u00d6zellikler\" tabindex=\"-1\" role=\"tab\" aria-selected=\"false\" aria-controls=\"tab_teknik-\u00d6zellikler\"><span>Teknik \u00d6zellikler<\/span><\/a><\/li>\n<li id=\"tab-videolar\" class=\"tab has-icon\" role=\"presentation\"><a href=\"#tab_videolar\" tabindex=\"-1\" role=\"tab\" aria-selected=\"false\" aria-controls=\"tab_videolar\"><span>Videolar<\/span><\/a><\/li><\/ul><div class=\"tab-panels\"><div id=\"tab_\u00dcr\u00fcn-a\u00e7\u0131klamas\u0131\" class=\"panel active entry-content\" role=\"tabpanel\" aria-labelledby=\"tab-\u00dcr\u00fcn-a\u00e7\u0131klamas\u0131\">\n\n<div class=\"row\"  id=\"row-714220347\">\n\n\n\t<div id=\"col-588617388\" class=\"col small-12 large-12\"  >\n\t\t\t\t<div class=\"col-inner\"  >\n\t\t\t\n\t\t\t\n\n\t<div id=\"text-2055067470\" class=\"text\">\n\t\t\n\n<p data-start=\"60\" data-end=\"110\"><strong data-start=\"60\" data-end=\"110\">MP8-XS | MP8\u2019in Kompakt ve Tam Otomatik Evrimi<\/strong><\/p>\n<p data-start=\"112\" data-end=\"244\">MP-8\u2019in bilinen g\u00fcvenilirli\u011finden yola \u00e7\u0131k\u0131larak geli\u015ftirilen <strong data-start=\"174\" data-end=\"184\">MP8-XS<\/strong>, daha kompakt, daha h\u0131zl\u0131 ve daha \u00e7ok y\u00f6nl\u00fc bir modeldir.<\/p>\n<p data-start=\"246\" data-end=\"447\">Sadece askeri ve izinli kurumlar i\u00e7in sunulan <strong data-start=\"292\" data-end=\"318\">tam otomatik versiyonu<\/strong>, gazl\u0131 sistemi ve <strong data-start=\"337\" data-end=\"372\">yaln\u0131zca 33 cm&#8217;lik k\u0131sa namlusu<\/strong> ile dar alanlarda \u00fcst\u00fcn manevra kabiliyeti ve kesintisiz at\u0131\u015f g\u00fcc\u00fc sa\u011flar.<\/p>\n<p data-start=\"449\" data-end=\"681\">Ayr\u0131ca, sivil pazarda <strong data-start=\"471\" data-end=\"567\">33 cm namlu boyuna yasal olarak izin veren \u00fclkeler i\u00e7in yar\u0131 otomatik versiyonu da mevcuttur<\/strong>. Bu sayede MP8-XS, profesyonel kullan\u0131c\u0131lar\u0131n yan\u0131 s\u0131ra sivil at\u0131c\u0131lara da kompakt ve g\u00fc\u00e7l\u00fc bir alternatif sunar.<\/p>\n<p data-start=\"683\" data-end=\"785\" data-is-last-node=\"\" data-is-only-node=\"\"><strong data-start=\"683\" data-end=\"693\">MP8-XS<\/strong>: K\u0131sa. G\u00fc\u00e7l\u00fc. Esnek.<br data-start=\"714\" data-end=\"717\" \/>Taktik sahalarda ve yasal sivil kullan\u0131mlarda yeni nesil performans.<\/p>\n\t\t\n<style>\n#text-2055067470 {\n  text-align: center;\n}\n@media (min-width:550px) {\n  #text-2055067470 {\n    text-align: center;\n  }\n}\n@media (min-width:850px) {\n  #text-2055067470 {\n    text-align: left;\n  }\n}\n<\/style>\n\t<\/div>\n\t\n\n\t\t<\/div>\n\t\t\t\t\t<\/div>\n\n\t\n\n<\/div>\n\n<\/div>\n<div id=\"tab_teknik-\u00d6zellikler\" class=\"panel entry-content\" role=\"tabpanel\" aria-labelledby=\"tab-teknik-\u00d6zellikler\">\n\n<div class=\"row\"  id=\"row-2040786591\">\n\n\n\t<div id=\"col-1604510789\" class=\"col small-12 large-12\"  >\n\t\t\t\t<div class=\"col-inner\"  >\n\t\t\t\n\t\t\t\n\n<table class=\"custom-table\" style=\"height: 343px;\" width=\"482\">\n<tbody>\n<tr>\n<td width=\"114\">Model :<\/td>\n<td width=\"148\">Castello MP-8XS<\/td>\n<\/tr>\n<tr>\n<td>Kalibre :<\/td>\n<td>12 GA<\/td>\n<\/tr>\n<tr>\n<td>Sistem :<\/td>\n<td>Gazl\u0131 Yar\u0131 Otomatik \/ Otomatik<\/td>\n<\/tr>\n<tr>\n<td>\u015earj\u00f6r Kapasitesi :<\/td>\n<td>2\/5\/10<\/td>\n<\/tr>\n<tr>\n<td>Kaplama :<\/td>\n<td>Anodize\/Cerakote\/Hidro Dipping<\/td>\n<\/tr>\n<tr>\n<td>Dip\u00e7ik &amp; El Kunda\u011f\u0131 :<\/td>\n<td>Teleskopik \/ Al\u00fcminyum<\/td>\n<\/tr>\n<tr>\n<td>Namlu Uzunlu\u011fu :<\/td>\n<td>33 Cm<\/td>\n<\/tr>\n<tr>\n<td>Fi\u015fek Yuvas\u0131 :<\/td>\n<td>3 \u0130n\u00e7 \/ 76mm<\/td>\n<\/tr>\n<tr>\n<td>G\u00f6vde :<\/td>\n<td>Alt G\u00f6vde Al\u00fcminyum \u2013 \u00dcst G\u00f6vde Al\u00fcminyum<\/td>\n<\/tr>\n<tr>\n<td>\u015eok :<\/td>\n<td>Slug<\/td>\n<\/tr>\n<\/tbody>\n<\/table>\n\n\t\t<\/div>\n\t\t\t\t\t<\/div>\n\n\t\n\n<\/div>\n\n<\/div>\n<div id=\"tab_videolar\" class=\"panel entry-content\" role=\"tabpanel\" aria-labelledby=\"tab-videolar\">\n\n<div class=\"row\"  id=\"row-669846580\">\n\n\n\t<div id=\"col-2073897943\" class=\"col small-12 large-12\"  >\n\t\t\t\t<div class=\"col-inner\"  >\n\t\t\t\n\t\t\t\n\n<div class=\"video video-fit mb\" style=\"padding-top:56.25%;\"><iframe loading=\"lazy\" title=\"Arslan Silah Castello MP-8XS !!\" width=\"1020\" height=\"574\" src=\"https:\/\/www.youtube.com\/embed\/Od4qc43_ixY?feature=oembed\" frameborder=\"0\" allow=\"accelerometer; autoplay; clipboard-write; encrypted-media; gyroscope; picture-in-picture; web-share\" referrerpolicy=\"strict-origin-when-cross-origin\" allowfullscreen><\/iframe><\/div>\n\n<div class=\"video video-fit mb\" style=\"padding-top:56.25%;\"><p><iframe loading=\"lazy\" title=\"MP8-XS | The Compact and Fully Automatic Evolution of the MP8\" width=\"1020\" height=\"765\" src=\"https:\/\/www.youtube.com\/embed\/6GB1F3DWGGc?feature=oembed\" frameborder=\"0\" allow=\"accelerometer; autoplay; clipboard-write; encrypted-media; gyroscope; picture-in-picture; web-share\" referrerpolicy=\"strict-origin-when-cross-origin\" allowfullscreen><\/iframe><\/p>\n<\/div>\n\n<div class=\"video video-fit mb\" style=\"padding-top:56.25%;\"><p><iframe loading=\"lazy\" title=\"Arslan Silah Castello MP-8XS !!\" width=\"1020\" height=\"574\" src=\"https:\/\/www.youtube.com\/embed\/d_bv9OB4tGc?feature=oembed\" frameborder=\"0\" allow=\"accelerometer; autoplay; clipboard-write; encrypted-media; gyroscope; picture-in-picture; web-share\" referrerpolicy=\"strict-origin-when-cross-origin\" allowfullscreen><\/iframe><\/p>\n<\/div>\n\n\n\t\t<\/div>\n\t\t\t\t\t<\/div>\n\n\t\n\n<\/div>\n\n<\/div><\/div><\/div>\n\n\t\t<\/div>\n\t\t\t\t\n<style>\n#col-1123479445 > .col-inner {\n  margin: -22px 0px -75px 0px;\n}\n@media (min-width:550px) {\n  #col-1123479445 > .col-inner {\n    margin: -56px 0px -77px 0px;\n  }\n}\n@media (min-width:850px) {\n  #col-1123479445 > .col-inner {\n    margin: -104px 0px -76px 0px;\n  }\n}\n<\/style>\n\t<\/div>\n\n\t\n\n\n<style>\n#row-195467899 > .col > .col-inner {\n  padding: 40px 0px 100px 0px;\n}\n<\/style>\n<\/div>\n\n\t\t<\/div>\n\n\t\t\n<style>\n#section_1234586788 {\n  padding-top: 0px;\n  padding-bottom: 0px;\n  background-color: rgb(0,0,0);\n}\n@media (min-width:550px) {\n  #section_1234586788 {\n    padding-top: 0px;\n    padding-bottom: 0px;\n  }\n}\n@media (min-width:850px) {\n  #section_1234586788 {\n    padding-top: 0px;\n    padding-bottom: 0px;\n  }\n}\n<\/style>\n\t<\/section>\n\t\n\n","protected":false},"excerpt":{"rendered":"","protected":false},"author":2,"featured_media":2677,"parent":753,"menu_order":20,"comment_status":"closed","ping_status":"closed","template":"page-blank.php","meta":{"footnotes":""},"class_list":["post-2706","page","type-page","status-publish","has-post-thumbnail","hentry"],"_links":{"self":[{"href":"https:\/\/arslansilah.com\/en\/wp-json\/wp\/v2\/pages\/2706","targetHints":{"allow":["GET"]}}],"collection":[{"href":"https:\/\/arslansilah.com\/en\/wp-json\/wp\/v2\/pages"}],"about":[{"href":"https:\/\/arslansilah.com\/en\/wp-json\/wp\/v2\/types\/page"}],"author":[{"embeddable":true,"href":"https:\/\/arslansilah.com\/en\/wp-json\/wp\/v2\/users\/2"}],"replies":[{"embeddable":true,"href":"https:\/\/arslansilah.com\/en\/wp-json\/wp\/v2\/comments?post=2706"}],"version-history":[{"count":15,"href":"https:\/\/arslansilah.com\/en\/wp-json\/wp\/v2\/pages\/2706\/revisions"}],"predecessor-version":[{"id":3192,"href":"https:\/\/arslansilah.com\/en\/wp-json\/wp\/v2\/pages\/2706\/revisions\/3192"}],"up":[{"embeddable":true,"href":"https:\/\/arslansilah.com\/en\/wp-json\/wp\/v2\/pages\/753"}],"wp:featuredmedia":[{"embeddable":true,"href":"https:\/\/arslansilah.com\/en\/wp-json\/wp\/v2\/media\/2677"}],"wp:attachment":[{"href":"https:\/\/arslansilah.com\/en\/wp-json\/wp\/v2\/media?parent=2706"}],"curies":[{"name":"wp","href":"https:\/\/api.w.org\/{rel}","templated":true}]}}