{"id":2153,"date":"2025-02-07T20:35:44","date_gmt":"2025-02-07T17:35:44","guid":{"rendered":"https:\/\/arslansilah.com\/spare-parts\/semi-auto-spare-parts\/"},"modified":"2026-02-09T22:16:23","modified_gmt":"2026-02-09T19:16:23","slug":"semi-auto-spare-parts","status":"publish","type":"page","link":"https:\/\/arslansilah.com\/en\/spare-parts\/semi-auto-spare-parts\/","title":{"rendered":"Semi Auto Spare Parts"},"content":{"rendered":"\n\n\t<section class=\"section\" id=\"section_121260220\">\n\t\t<div class=\"section-bg fill\" >\n\t\t\t\t\t\t\t\t\t\n\t\t\t\n\n\t\t<\/div>\n\n\t\t\n\n\t\t<div class=\"section-content relative\">\n\t\t\t\n\n\n  <div class=\"banner has-hover dark-background banner-image\" id=\"banner-686515305\">\n          <div class=\"banner-inner fill\">\n        <div class=\"banner-bg fill\" >\n            <img decoding=\"async\" width=\"2560\" height=\"1439\" src=\"https:\/\/arslansilah.com\/wp-content\/uploads\/2025\/02\/MOD-101AU-3-scaled.webp\" class=\"bg attachment-original size-original\" alt=\"MOD-101AU (3)\" \/>                        <div class=\"overlay\"><\/div>            \n                    <\/div>\n\t\t\n        <div class=\"banner-layers container\">\n            <div class=\"fill banner-link\"><\/div>            \n\n   <div id=\"text-box-1065128545\" class=\"text-box banner-layer x50 md-x50 lg-x50 y50 md-y50 lg-y50 res-text\">\n                                <div class=\"text-box-content text dark\">\n              \n              <div class=\"text-inner text-center\">\n                  \n\n<h1>Semi Auto Spare Parts<\/h1>\n\n\n<nav aria-label=\"breadcrumbs\" class=\"rank-math-breadcrumb\"><p><\/p><\/nav>\n\n\n              <\/div>\n           <\/div>\n                            \n<style>\n#text-box-1065128545 {\n  width: 95%;\n}\n#text-box-1065128545 .text-box-content {\n  font-size: 100%;\n}\n<\/style>\n    <\/div>\n \n\n        <\/div>\n      <\/div>\n\n            \n<style>\n#banner-686515305 {\n  padding-top: 206px;\n}\n#banner-686515305 .overlay {\n  background-color: rgba(0, 0, 0, 0.384);\n}\n#banner-686515305 .banner-bg img {\n  object-position: 52% 39%;\n}\n@media (min-width:550px) {\n  #banner-686515305 {\n    padding-top: 419px;\n  }\n}\n@media (min-width:850px) {\n  #banner-686515305 {\n    padding-top: 500px;\n  }\n}\n<\/style>\n  <\/div>\n\n\n<div class=\"row align-center\" style=\"max-width:1404px\" id=\"row-310121826\">\n\n\n\t<div id=\"col-1871026291\" class=\"col small-12 large-12\"  >\n\t\t\t\t<div class=\"col-inner text-center\"  >\n\t\t\t\n\t\t\t\n\n\n  \n    <div class=\"row large-columns-2 medium-columns- small-columns- row-collapse row-full-width\" >\n  <div class=\"page-col col\" >\n          <div class=\"col-inner\" >\n          <a class=\"block plain\" href=\"https:\/\/arslansilah.com\/en\/spare-parts\/semi-auto-spare-parts\/barrel-lock-nut\/\" title=\"Barrel Lock Nut\" target=\"\">\n            <div class=\"page-box box has-hover\">\n                  <div class=\"box-image\" >\n                      <div class=\"box-image image-zoom image-cover\" style=\"padding-top:220px;\">\n                      <img decoding=\"async\" width=\"2560\" height=\"1440\" src=\"https:\/\/arslansilah.com\/wp-content\/uploads\/2025\/02\/Namlu-kontra-somunu-scaled.webp\" class=\"attachment-original size-original\" alt=\"Namlu kontra somunu\" srcset=\"https:\/\/arslansilah.com\/wp-content\/uploads\/2025\/02\/Namlu-kontra-somunu-scaled.webp 2560w, https:\/\/arslansilah.com\/wp-content\/uploads\/2025\/02\/Namlu-kontra-somunu-300x169.webp 300w, https:\/\/arslansilah.com\/wp-content\/uploads\/2025\/02\/Namlu-kontra-somunu-1024x576.webp 1024w, https:\/\/arslansilah.com\/wp-content\/uploads\/2025\/02\/Namlu-kontra-somunu-768x432.webp 768w, https:\/\/arslansilah.com\/wp-content\/uploads\/2025\/02\/Namlu-kontra-somunu-1536x864.webp 1536w, https:\/\/arslansilah.com\/wp-content\/uploads\/2025\/02\/Namlu-kontra-somunu-2048x1152.webp 2048w\" sizes=\"(max-width: 2560px) 100vw, 2560px\" \/>                      <\/div>\n                                                              <\/div>\n                  <div class=\"box-text text-center is-large\" >\n                        <div class=\"box-text-inner\">\n                            <p>Barrel Lock Nut<\/p>\n                        <\/div>\n                  <\/div>\n              <\/div>\n            <\/a>\n            <\/div>\n          <\/div><div class=\"page-col col\" >\n          <div class=\"col-inner\" >\n          <a class=\"block plain\" href=\"https:\/\/arslansilah.com\/en\/spare-parts\/semi-auto-spare-parts\/bolt\/\" title=\"Bolt\" target=\"\">\n            <div class=\"page-box box has-hover\">\n                  <div class=\"box-image\" >\n                      <div class=\"box-image image-zoom image-cover\" style=\"padding-top:220px;\">\n                      <img decoding=\"async\" width=\"2560\" height=\"1440\" src=\"https:\/\/arslansilah.com\/wp-content\/uploads\/2025\/02\/yari-otomatik-mekanizma--scaled.webp\" class=\"attachment-original size-original\" alt=\"yar\u0131 otomatik mekanizma\" srcset=\"https:\/\/arslansilah.com\/wp-content\/uploads\/2025\/02\/yari-otomatik-mekanizma--scaled.webp 2560w, https:\/\/arslansilah.com\/wp-content\/uploads\/2025\/02\/yari-otomatik-mekanizma--300x169.webp 300w, https:\/\/arslansilah.com\/wp-content\/uploads\/2025\/02\/yari-otomatik-mekanizma--1024x576.webp 1024w, https:\/\/arslansilah.com\/wp-content\/uploads\/2025\/02\/yari-otomatik-mekanizma--768x432.webp 768w, https:\/\/arslansilah.com\/wp-content\/uploads\/2025\/02\/yari-otomatik-mekanizma--1536x864.webp 1536w, https:\/\/arslansilah.com\/wp-content\/uploads\/2025\/02\/yari-otomatik-mekanizma--2048x1152.webp 2048w\" sizes=\"(max-width: 2560px) 100vw, 2560px\" \/>                      <\/div>\n                                                              <\/div>\n                  <div class=\"box-text text-center is-large\" >\n                        <div class=\"box-text-inner\">\n                            <p>Bolt<\/p>\n                        <\/div>\n                  <\/div>\n              <\/div>\n            <\/a>\n            <\/div>\n          <\/div><div class=\"page-col col\" >\n          <div class=\"col-inner\" >\n          <a class=\"block plain\" href=\"https:\/\/arslansilah.com\/en\/spare-parts\/semi-auto-spare-parts\/bolt-tube\/\" title=\"Bolt Tube\" target=\"\">\n            <div class=\"page-box box has-hover\">\n                  <div class=\"box-image\" >\n                      <div class=\"box-image image-zoom image-cover\" style=\"padding-top:220px;\">\n                      <img decoding=\"async\" width=\"2560\" height=\"1440\" src=\"https:\/\/arslansilah.com\/wp-content\/uploads\/2025\/02\/yari-otomatik-kol-borusu--scaled.webp\" class=\"attachment-original size-original\" alt=\"yar\u0131 otomatik kol borusu\" srcset=\"https:\/\/arslansilah.com\/wp-content\/uploads\/2025\/02\/yari-otomatik-kol-borusu--scaled.webp 2560w, https:\/\/arslansilah.com\/wp-content\/uploads\/2025\/02\/yari-otomatik-kol-borusu--300x169.webp 300w, https:\/\/arslansilah.com\/wp-content\/uploads\/2025\/02\/yari-otomatik-kol-borusu--1024x576.webp 1024w, https:\/\/arslansilah.com\/wp-content\/uploads\/2025\/02\/yari-otomatik-kol-borusu--768x432.webp 768w, https:\/\/arslansilah.com\/wp-content\/uploads\/2025\/02\/yari-otomatik-kol-borusu--1536x864.webp 1536w, https:\/\/arslansilah.com\/wp-content\/uploads\/2025\/02\/yari-otomatik-kol-borusu--2048x1152.webp 2048w\" sizes=\"(max-width: 2560px) 100vw, 2560px\" \/>                      <\/div>\n                                                              <\/div>\n                  <div class=\"box-text text-center is-large\" >\n                        <div class=\"box-text-inner\">\n                            <p>Bolt Tube<\/p>\n                        <\/div>\n                  <\/div>\n              <\/div>\n            <\/a>\n            <\/div>\n          <\/div><div class=\"page-col col\" >\n          <div class=\"col-inner\" >\n          <a class=\"block plain\" href=\"https:\/\/arslansilah.com\/en\/spare-parts\/semi-auto-spare-parts\/forend-block\/\" title=\"Forend Block\" target=\"\">\n            <div class=\"page-box box has-hover\">\n                  <div class=\"box-image\" >\n                      <div class=\"box-image image-zoom image-cover\" style=\"padding-top:220px;\">\n                      <img decoding=\"async\" width=\"2560\" height=\"1440\" src=\"https:\/\/arslansilah.com\/wp-content\/uploads\/2025\/02\/el-kundagi-takozu-scaled.webp\" class=\"attachment-original size-original\" alt=\"el kunda\u011f\u0131 takozu\" srcset=\"https:\/\/arslansilah.com\/wp-content\/uploads\/2025\/02\/el-kundagi-takozu-scaled.webp 2560w, https:\/\/arslansilah.com\/wp-content\/uploads\/2025\/02\/el-kundagi-takozu-300x169.webp 300w, https:\/\/arslansilah.com\/wp-content\/uploads\/2025\/02\/el-kundagi-takozu-1024x576.webp 1024w, https:\/\/arslansilah.com\/wp-content\/uploads\/2025\/02\/el-kundagi-takozu-768x432.webp 768w, https:\/\/arslansilah.com\/wp-content\/uploads\/2025\/02\/el-kundagi-takozu-1536x864.webp 1536w, https:\/\/arslansilah.com\/wp-content\/uploads\/2025\/02\/el-kundagi-takozu-2048x1152.webp 2048w\" sizes=\"(max-width: 2560px) 100vw, 2560px\" \/>                      <\/div>\n                                                              <\/div>\n                  <div class=\"box-text text-center is-large\" >\n                        <div class=\"box-text-inner\">\n                            <p>Forend Block<\/p>\n                        <\/div>\n                  <\/div>\n              <\/div>\n            <\/a>\n            <\/div>\n          <\/div><div class=\"page-col col\" >\n          <div class=\"col-inner\" >\n          <a class=\"block plain\" href=\"https:\/\/arslansilah.com\/en\/spare-parts\/semi-auto-spare-parts\/forend-closed-nut\/\" title=\"Forend Closed Nut\" target=\"\">\n            <div class=\"page-box box has-hover\">\n                  <div class=\"box-image\" >\n                      <div class=\"box-image image-zoom image-cover\" style=\"padding-top:220px;\">\n                      <img decoding=\"async\" width=\"2560\" height=\"1440\" src=\"https:\/\/arslansilah.com\/wp-content\/uploads\/2025\/02\/yari-otomatik-el-kundagi-kapali-somun--scaled.webp\" class=\"attachment-original size-original\" alt=\"yar\u0131 otomatik el kunda\u011f\u0131 kapal\u0131 somun\" srcset=\"https:\/\/arslansilah.com\/wp-content\/uploads\/2025\/02\/yari-otomatik-el-kundagi-kapali-somun--scaled.webp 2560w, https:\/\/arslansilah.com\/wp-content\/uploads\/2025\/02\/yari-otomatik-el-kundagi-kapali-somun--300x169.webp 300w, https:\/\/arslansilah.com\/wp-content\/uploads\/2025\/02\/yari-otomatik-el-kundagi-kapali-somun--1024x576.webp 1024w, https:\/\/arslansilah.com\/wp-content\/uploads\/2025\/02\/yari-otomatik-el-kundagi-kapali-somun--768x432.webp 768w, https:\/\/arslansilah.com\/wp-content\/uploads\/2025\/02\/yari-otomatik-el-kundagi-kapali-somun--1536x864.webp 1536w, https:\/\/arslansilah.com\/wp-content\/uploads\/2025\/02\/yari-otomatik-el-kundagi-kapali-somun--2048x1152.webp 2048w\" sizes=\"(max-width: 2560px) 100vw, 2560px\" \/>                      <\/div>\n                                                              <\/div>\n                  <div class=\"box-text text-center is-large\" >\n                        <div class=\"box-text-inner\">\n                            <p>Forend Closed Nut<\/p>\n                        <\/div>\n                  <\/div>\n              <\/div>\n            <\/a>\n            <\/div>\n          <\/div><div class=\"page-col col\" >\n          <div class=\"col-inner\" >\n          <a class=\"block plain\" href=\"https:\/\/arslansilah.com\/en\/spare-parts\/semi-auto-spare-parts\/piston-2\/\" title=\"Piston\" target=\"\">\n            <div class=\"page-box box has-hover\">\n                  <div class=\"box-image\" >\n                      <div class=\"box-image image-zoom image-cover\" style=\"padding-top:220px;\">\n                      <img decoding=\"async\" width=\"2560\" height=\"1440\" src=\"https:\/\/arslansilah.com\/wp-content\/uploads\/2025\/02\/yari-otomatik-piston--scaled.webp\" class=\"attachment-original size-original\" alt=\"yar\u0131 otomatik piston\" srcset=\"https:\/\/arslansilah.com\/wp-content\/uploads\/2025\/02\/yari-otomatik-piston--scaled.webp 2560w, https:\/\/arslansilah.com\/wp-content\/uploads\/2025\/02\/yari-otomatik-piston--300x169.webp 300w, https:\/\/arslansilah.com\/wp-content\/uploads\/2025\/02\/yari-otomatik-piston--1024x576.webp 1024w, https:\/\/arslansilah.com\/wp-content\/uploads\/2025\/02\/yari-otomatik-piston--768x432.webp 768w, https:\/\/arslansilah.com\/wp-content\/uploads\/2025\/02\/yari-otomatik-piston--1536x864.webp 1536w, https:\/\/arslansilah.com\/wp-content\/uploads\/2025\/02\/yari-otomatik-piston--2048x1152.webp 2048w\" sizes=\"(max-width: 2560px) 100vw, 2560px\" \/>                      <\/div>\n                                                              <\/div>\n                  <div class=\"box-text text-center is-large\" >\n                        <div class=\"box-text-inner\">\n                            <p>Piston<\/p>\n                        <\/div>\n                  <\/div>\n              <\/div>\n            <\/a>\n            <\/div>\n          <\/div><div class=\"page-col col\" >\n          <div class=\"col-inner\" >\n          <a class=\"block plain\" href=\"https:\/\/arslansilah.com\/en\/spare-parts\/semi-auto-spare-parts\/synthetic-handguard-2\/\" title=\"Synthetic Handguard\" target=\"\">\n            <div class=\"page-box box has-hover\">\n                  <div class=\"box-image\" >\n                      <div class=\"box-image image-zoom image-cover\" style=\"padding-top:220px;\">\n                      <img decoding=\"async\" width=\"2560\" height=\"1440\" src=\"https:\/\/arslansilah.com\/wp-content\/uploads\/2025\/02\/yari-otomatik-plastik-el-kundagi--scaled.webp\" class=\"attachment-original size-original\" alt=\"yar\u0131 otomatik plastik el kunda\u011f\u0131\" srcset=\"https:\/\/arslansilah.com\/wp-content\/uploads\/2025\/02\/yari-otomatik-plastik-el-kundagi--scaled.webp 2560w, https:\/\/arslansilah.com\/wp-content\/uploads\/2025\/02\/yari-otomatik-plastik-el-kundagi--300x169.webp 300w, https:\/\/arslansilah.com\/wp-content\/uploads\/2025\/02\/yari-otomatik-plastik-el-kundagi--1024x576.webp 1024w, https:\/\/arslansilah.com\/wp-content\/uploads\/2025\/02\/yari-otomatik-plastik-el-kundagi--768x432.webp 768w, https:\/\/arslansilah.com\/wp-content\/uploads\/2025\/02\/yari-otomatik-plastik-el-kundagi--1536x864.webp 1536w, https:\/\/arslansilah.com\/wp-content\/uploads\/2025\/02\/yari-otomatik-plastik-el-kundagi--2048x1152.webp 2048w\" sizes=\"(max-width: 2560px) 100vw, 2560px\" \/>                      <\/div>\n                                                              <\/div>\n                  <div class=\"box-text text-center is-large\" >\n                        <div class=\"box-text-inner\">\n                            <p>Synthetic Handguard<\/p>\n                        <\/div>\n                  <\/div>\n              <\/div>\n            <\/a>\n            <\/div>\n          <\/div><div class=\"page-col col\" >\n          <div class=\"col-inner\" >\n          <a class=\"block plain\" href=\"https:\/\/arslansilah.com\/en\/spare-parts\/semi-auto-spare-parts\/trigger-assembly\/\" title=\"Trigger Assembly\" target=\"\">\n            <div class=\"page-box box has-hover\">\n                  <div class=\"box-image\" >\n                      <div class=\"box-image image-zoom image-cover\" style=\"padding-top:220px;\">\n                      <img decoding=\"async\" width=\"2560\" height=\"1440\" src=\"https:\/\/arslansilah.com\/wp-content\/uploads\/2025\/02\/yari-otomatik-tetik-Takimi-scaled.webp\" class=\"attachment-original size-original\" alt=\"yar\u0131 otomatik tetik Tak\u0131m\u0131\" srcset=\"https:\/\/arslansilah.com\/wp-content\/uploads\/2025\/02\/yari-otomatik-tetik-Takimi-scaled.webp 2560w, https:\/\/arslansilah.com\/wp-content\/uploads\/2025\/02\/yari-otomatik-tetik-Takimi-300x169.webp 300w, https:\/\/arslansilah.com\/wp-content\/uploads\/2025\/02\/yari-otomatik-tetik-Takimi-1024x576.webp 1024w, https:\/\/arslansilah.com\/wp-content\/uploads\/2025\/02\/yari-otomatik-tetik-Takimi-768x432.webp 768w, https:\/\/arslansilah.com\/wp-content\/uploads\/2025\/02\/yari-otomatik-tetik-Takimi-1536x864.webp 1536w, https:\/\/arslansilah.com\/wp-content\/uploads\/2025\/02\/yari-otomatik-tetik-Takimi-2048x1152.webp 2048w\" sizes=\"(max-width: 2560px) 100vw, 2560px\" \/>                      <\/div>\n                                                              <\/div>\n                  <div class=\"box-text text-center is-large\" >\n                        <div class=\"box-text-inner\">\n                            <p>Trigger Assembly<\/p>\n                        <\/div>\n                  <\/div>\n              <\/div>\n            <\/a>\n            <\/div>\n          <\/div><div class=\"page-col col\" >\n          <div class=\"col-inner\" >\n          <a class=\"block plain\" href=\"https:\/\/arslansilah.com\/en\/spare-parts\/semi-auto-spare-parts\/trigger-group\/\" title=\"Trigger Group\" target=\"\">\n            <div class=\"page-box box has-hover\">\n                  <div class=\"box-image\" >\n                      <div class=\"box-image image-zoom image-cover\" style=\"padding-top:220px;\">\n                      <img decoding=\"async\" width=\"2560\" height=\"1440\" src=\"https:\/\/arslansilah.com\/wp-content\/uploads\/2025\/02\/yari-otomatik-tetik-grubu--scaled.webp\" class=\"attachment-original size-original\" alt=\"yar\u0131 otomatik tetik grubu\" srcset=\"https:\/\/arslansilah.com\/wp-content\/uploads\/2025\/02\/yari-otomatik-tetik-grubu--scaled.webp 2560w, https:\/\/arslansilah.com\/wp-content\/uploads\/2025\/02\/yari-otomatik-tetik-grubu--300x169.webp 300w, https:\/\/arslansilah.com\/wp-content\/uploads\/2025\/02\/yari-otomatik-tetik-grubu--1024x576.webp 1024w, https:\/\/arslansilah.com\/wp-content\/uploads\/2025\/02\/yari-otomatik-tetik-grubu--768x432.webp 768w, https:\/\/arslansilah.com\/wp-content\/uploads\/2025\/02\/yari-otomatik-tetik-grubu--1536x864.webp 1536w, https:\/\/arslansilah.com\/wp-content\/uploads\/2025\/02\/yari-otomatik-tetik-grubu--2048x1152.webp 2048w\" sizes=\"(max-width: 2560px) 100vw, 2560px\" \/>                      <\/div>\n                                                              <\/div>\n                  <div class=\"box-text text-center is-large\" >\n                        <div class=\"box-text-inner\">\n                            <p>Trigger Group<\/p>\n                        <\/div>\n                  <\/div>\n              <\/div>\n            <\/a>\n            <\/div>\n          <\/div><div class=\"page-col col\" >\n          <div class=\"col-inner\" >\n          <a class=\"block plain\" href=\"https:\/\/arslansilah.com\/en\/spare-parts\/semi-auto-spare-parts\/walnut-handguard\/\" title=\"Walnut Handguard\" target=\"\">\n            <div class=\"page-box box has-hover\">\n                  <div class=\"box-image\" >\n                      <div class=\"box-image image-zoom image-cover\" style=\"padding-top:220px;\">\n                      <img decoding=\"async\" width=\"2560\" height=\"1440\" src=\"https:\/\/arslansilah.com\/wp-content\/uploads\/2025\/02\/yari-otomatik-ceviz-el-kundagi--scaled.webp\" class=\"attachment-original size-original\" alt=\"yar\u0131 otomatik ceviz el kunda\u011f\u0131\" srcset=\"https:\/\/arslansilah.com\/wp-content\/uploads\/2025\/02\/yari-otomatik-ceviz-el-kundagi--scaled.webp 2560w, https:\/\/arslansilah.com\/wp-content\/uploads\/2025\/02\/yari-otomatik-ceviz-el-kundagi--300x169.webp 300w, https:\/\/arslansilah.com\/wp-content\/uploads\/2025\/02\/yari-otomatik-ceviz-el-kundagi--1024x576.webp 1024w, https:\/\/arslansilah.com\/wp-content\/uploads\/2025\/02\/yari-otomatik-ceviz-el-kundagi--768x432.webp 768w, https:\/\/arslansilah.com\/wp-content\/uploads\/2025\/02\/yari-otomatik-ceviz-el-kundagi--1536x864.webp 1536w, https:\/\/arslansilah.com\/wp-content\/uploads\/2025\/02\/yari-otomatik-ceviz-el-kundagi--2048x1152.webp 2048w\" sizes=\"(max-width: 2560px) 100vw, 2560px\" \/>                      <\/div>\n                                                              <\/div>\n                  <div class=\"box-text text-center is-large\" >\n                        <div class=\"box-text-inner\">\n                            <p>Walnut Handguard<\/p>\n                        <\/div>\n                  <\/div>\n              <\/div>\n            <\/a>\n            <\/div>\n          <\/div><\/div>\n\n\n\t\t<\/div>\n\t\t\t\t\t<\/div>\n\n\t\n\n\n<style>\n#row-310121826 > .col > .col-inner {\n  padding: 0px 0px 0px 0px;\n}\n@media (min-width:550px) {\n  #row-310121826 > .col > .col-inner {\n    padding: 40px 0px 100px 0px;\n  }\n}\n<\/style>\n<\/div>\n\n\t\t<\/div>\n\n\t\t\n<style>\n#section_121260220 {\n  padding-top: 0px;\n  padding-bottom: 0px;\n}\n<\/style>\n\t<\/section>\n\t\n\n","protected":false},"excerpt":{"rendered":"","protected":false},"author":4,"featured_media":0,"parent":2139,"menu_order":134,"comment_status":"closed","ping_status":"closed","template":"page-blank.php","meta":{"footnotes":""},"class_list":["post-2153","page","type-page","status-publish","hentry"],"_links":{"self":[{"href":"https:\/\/arslansilah.com\/en\/wp-json\/wp\/v2\/pages\/2153","targetHints":{"allow":["GET"]}}],"collection":[{"href":"https:\/\/arslansilah.com\/en\/wp-json\/wp\/v2\/pages"}],"about":[{"href":"https:\/\/arslansilah.com\/en\/wp-json\/wp\/v2\/types\/page"}],"author":[{"embeddable":true,"href":"https:\/\/arslansilah.com\/en\/wp-json\/wp\/v2\/users\/4"}],"replies":[{"embeddable":true,"href":"https:\/\/arslansilah.com\/en\/wp-json\/wp\/v2\/comments?post=2153"}],"version-history":[{"count":1,"href":"https:\/\/arslansilah.com\/en\/wp-json\/wp\/v2\/pages\/2153\/revisions"}],"predecessor-version":[{"id":3171,"href":"https:\/\/arslansilah.com\/en\/wp-json\/wp\/v2\/pages\/2153\/revisions\/3171"}],"up":[{"embeddable":true,"href":"https:\/\/arslansilah.com\/en\/wp-json\/wp\/v2\/pages\/2139"}],"wp:attachment":[{"href":"https:\/\/arslansilah.com\/en\/wp-json\/wp\/v2\/media?parent=2153"}],"curies":[{"name":"wp","href":"https:\/\/api.w.org\/{rel}","templated":true}]}}