{"id":2135,"date":"2025-02-07T20:36:42","date_gmt":"2025-02-07T17:36:42","guid":{"rendered":"https:\/\/arslansilah.com\/pump-action-spare-parts\/"},"modified":"2026-02-09T22:16:23","modified_gmt":"2026-02-09T19:16:23","slug":"pump-action-spare-parts","status":"publish","type":"page","link":"https:\/\/arslansilah.com\/en\/spare-parts\/pump-action-spare-parts\/","title":{"rendered":"Pump Action Spare Parts"},"content":{"rendered":"\n\n\t<section class=\"section\" id=\"section_584443172\">\n\t\t<div class=\"section-bg fill\" >\n\t\t\t\t\t\t\t\t\t\n\t\t\t\n\n\t\t<\/div>\n\n\t\t\n\n\t\t<div class=\"section-content relative\">\n\t\t\t\n\n\n  <div class=\"banner has-hover dark-background banner-image\" id=\"banner-101473959\">\n          <div class=\"banner-inner fill\">\n        <div class=\"banner-bg fill\" >\n            <img decoding=\"async\" width=\"2560\" height=\"1439\" src=\"https:\/\/arslansilah.com\/wp-content\/uploads\/2025\/02\/DSC8535-Enhanced-NR-scaled.webp\" class=\"bg attachment-original size-original\" alt=\"castello 101-ps (3)\" \/>                        <div class=\"overlay\"><\/div>            \n                    <\/div>\n\t\t\n        <div class=\"banner-layers container\">\n            <div class=\"fill banner-link\"><\/div>            \n\n   <div id=\"text-box-505633355\" class=\"text-box banner-layer x50 md-x50 lg-x50 y50 md-y50 lg-y50 res-text\">\n                                <div class=\"text-box-content text dark\">\n              \n              <div class=\"text-inner text-center\">\n                  \n\n<h1>Pump Action Spare Parts<\/h1>\n\n\n<nav aria-label=\"breadcrumbs\" class=\"rank-math-breadcrumb\"><p><\/p><\/nav>\n\n\n              <\/div>\n           <\/div>\n                            \n<style>\n#text-box-505633355 {\n  width: 95%;\n}\n#text-box-505633355 .text-box-content {\n  font-size: 100%;\n}\n<\/style>\n    <\/div>\n \n\n        <\/div>\n      <\/div>\n\n            \n<style>\n#banner-101473959 {\n  padding-top: 206px;\n}\n#banner-101473959 .overlay {\n  background-color: rgba(0, 0, 0, 0.384);\n}\n#banner-101473959 .banner-bg img {\n  object-position: 48% 46%;\n}\n@media (min-width:550px) {\n  #banner-101473959 {\n    padding-top: 419px;\n  }\n}\n@media (min-width:850px) {\n  #banner-101473959 {\n    padding-top: 500px;\n  }\n}\n<\/style>\n  <\/div>\n\n\n<div class=\"row align-center\" style=\"max-width:1404px\" id=\"row-1023774170\">\n\n\n\t<div id=\"col-627512519\" class=\"col small-12 large-12\"  >\n\t\t\t\t<div class=\"col-inner text-center\"  >\n\t\t\t\n\t\t\t\n\n\n  \n    <div class=\"row large-columns-2 medium-columns- small-columns- row-collapse row-full-width\" >\n  <div class=\"page-col col\" >\n          <div class=\"col-inner\" >\n          <a class=\"block plain\" href=\"https:\/\/arslansilah.com\/en\/spare-parts\/pump-action-spare-parts\/pump-ring\/\" title=\"Pump Ring\" target=\"\">\n            <div class=\"page-box box has-hover\">\n                  <div class=\"box-image\" >\n                      <div class=\"box-image image-zoom image-cover\" style=\"padding-top:220px;\">\n                      <img decoding=\"async\" width=\"3480\" height=\"1958\" src=\"https:\/\/arslansilah.com\/wp-content\/uploads\/2025\/02\/pompali-halkasi-.png\" class=\"attachment-original size-original\" alt=\"pompal\u0131 halkas\u0131\" srcset=\"https:\/\/arslansilah.com\/wp-content\/uploads\/2025\/02\/pompali-halkasi-.png 3480w, https:\/\/arslansilah.com\/wp-content\/uploads\/2025\/02\/pompali-halkasi--300x169.png 300w, https:\/\/arslansilah.com\/wp-content\/uploads\/2025\/02\/pompali-halkasi--1024x576.png 1024w, https:\/\/arslansilah.com\/wp-content\/uploads\/2025\/02\/pompali-halkasi--768x432.png 768w, https:\/\/arslansilah.com\/wp-content\/uploads\/2025\/02\/pompali-halkasi--1536x864.png 1536w, https:\/\/arslansilah.com\/wp-content\/uploads\/2025\/02\/pompali-halkasi--2048x1152.png 2048w\" sizes=\"(max-width: 3480px) 100vw, 3480px\" \/>                      <\/div>\n                                                              <\/div>\n                  <div class=\"box-text text-center is-large\" >\n                        <div class=\"box-text-inner\">\n                            <p>Pump Ring<\/p>\n                        <\/div>\n                  <\/div>\n              <\/div>\n            <\/a>\n            <\/div>\n          <\/div><div class=\"page-col col\" >\n          <div class=\"col-inner\" >\n          <a class=\"block plain\" href=\"https:\/\/arslansilah.com\/en\/spare-parts\/pump-action-spare-parts\/synthetic-handguard\/\" title=\"Synthetic Handguard\" target=\"\">\n            <div class=\"page-box box has-hover\">\n                  <div class=\"box-image\" >\n                      <div class=\"box-image image-zoom image-cover\" style=\"padding-top:220px;\">\n                      <img decoding=\"async\" width=\"2560\" height=\"1440\" src=\"https:\/\/arslansilah.com\/wp-content\/uploads\/2025\/02\/Pompali-Plastik-El-Kundagi-scaled.webp\" class=\"attachment-original size-original\" alt=\"Pompal\u0131 Plastik El Kunda\u011f\u0131\" srcset=\"https:\/\/arslansilah.com\/wp-content\/uploads\/2025\/02\/Pompali-Plastik-El-Kundagi-scaled.webp 2560w, https:\/\/arslansilah.com\/wp-content\/uploads\/2025\/02\/Pompali-Plastik-El-Kundagi-300x169.webp 300w, https:\/\/arslansilah.com\/wp-content\/uploads\/2025\/02\/Pompali-Plastik-El-Kundagi-1024x576.webp 1024w, https:\/\/arslansilah.com\/wp-content\/uploads\/2025\/02\/Pompali-Plastik-El-Kundagi-768x432.webp 768w, https:\/\/arslansilah.com\/wp-content\/uploads\/2025\/02\/Pompali-Plastik-El-Kundagi-1536x864.webp 1536w, https:\/\/arslansilah.com\/wp-content\/uploads\/2025\/02\/Pompali-Plastik-El-Kundagi-2048x1152.webp 2048w\" sizes=\"(max-width: 2560px) 100vw, 2560px\" \/>                      <\/div>\n                                                              <\/div>\n                  <div class=\"box-text text-center is-large\" >\n                        <div class=\"box-text-inner\">\n                            <p>Synthetic Handguard<\/p>\n                        <\/div>\n                  <\/div>\n              <\/div>\n            <\/a>\n            <\/div>\n          <\/div><\/div>\n\n\n\t\t<\/div>\n\t\t\t\t\t<\/div>\n\n\t\n\n\n<style>\n#row-1023774170 > .col > .col-inner {\n  padding: 0px 0px 0px 0px;\n}\n@media (min-width:550px) {\n  #row-1023774170 > .col > .col-inner {\n    padding: 40px 0px 100px 0px;\n  }\n}\n<\/style>\n<\/div>\n\n\t\t<\/div>\n\n\t\t\n<style>\n#section_584443172 {\n  padding-top: 0px;\n  padding-bottom: 0px;\n}\n<\/style>\n\t<\/section>\n\t\n\n","protected":false},"excerpt":{"rendered":"","protected":false},"author":4,"featured_media":0,"parent":2139,"menu_order":128,"comment_status":"closed","ping_status":"closed","template":"page-blank.php","meta":{"footnotes":""},"class_list":["post-2135","page","type-page","status-publish","hentry"],"_links":{"self":[{"href":"https:\/\/arslansilah.com\/en\/wp-json\/wp\/v2\/pages\/2135","targetHints":{"allow":["GET"]}}],"collection":[{"href":"https:\/\/arslansilah.com\/en\/wp-json\/wp\/v2\/pages"}],"about":[{"href":"https:\/\/arslansilah.com\/en\/wp-json\/wp\/v2\/types\/page"}],"author":[{"embeddable":true,"href":"https:\/\/arslansilah.com\/en\/wp-json\/wp\/v2\/users\/4"}],"replies":[{"embeddable":true,"href":"https:\/\/arslansilah.com\/en\/wp-json\/wp\/v2\/comments?post=2135"}],"version-history":[{"count":1,"href":"https:\/\/arslansilah.com\/en\/wp-json\/wp\/v2\/pages\/2135\/revisions"}],"predecessor-version":[{"id":3169,"href":"https:\/\/arslansilah.com\/en\/wp-json\/wp\/v2\/pages\/2135\/revisions\/3169"}],"up":[{"embeddable":true,"href":"https:\/\/arslansilah.com\/en\/wp-json\/wp\/v2\/pages\/2139"}],"wp:attachment":[{"href":"https:\/\/arslansilah.com\/en\/wp-json\/wp\/v2\/media?parent=2135"}],"curies":[{"name":"wp","href":"https:\/\/api.w.org\/{rel}","templated":true}]}}